{"id":30846,"date":"2022-05-24T11:37:53","date_gmt":"2022-05-24T11:37:53","guid":{"rendered":"https:\/\/evotek.md\/produse\/fara-categorie\/rasnita-de-cafea-mec-mst-64-pe-n\/"},"modified":"2023-01-10T15:32:20","modified_gmt":"2023-01-10T15:32:20","slug":"rasnita-de-cafea-mec-mst-64-pe-n","status":"publish","type":"product","link":"https:\/\/evotek.md\/ro\/produse\/echipamente-pentru-bar-si-cafea\/rasnita-de-cafea\/rasnita-de-cafea-mec-mst-64-pe-n\/","title":{"rendered":"R\u00c2\u0218NI\u021a\u0102 DE CAFEA 1,2 kg MEC -MST-64PE-N"},"content":{"rendered":"<p><strong>R\u00c2\u0218NI\u021a\u0102 DE CAFEA 1,2 kg MEC -MST-64PE-N-<\/strong> Dozator de r\u00e2\u0219ni\u021b\u0103 de cafea robust \u0219i compact cu discuri de m\u0103cinat plate \u00d8 64 mm. Corpul din aluminiu \u0219i o\u021bel, precum \u0219i motorul puternic de 350 W, \u00eel fac un asistent de \u00eencredere. Cu m\u0103cinare micrometric\u0103 reglabil\u0103 infinit, MST-64P ofer\u0103 o uniformitate de m\u0103cinare de neegalat. Reporne\u0219te automat m\u0103cinarea dup\u0103 fiecare 6 cafele \u0219i se opre\u0219te automat c\u00e2nd dozatorul este plin.<\/p>\n<p>Caracteristici<br \/>\nCapacitate recipient pentru boabe: 1,2 kg<br \/>\nReglarea continu\u0103 a m\u0103cinarii micrometrice<br \/>\nReglare dozator: 5-9,5 gr.<br \/>\nDisponibil cu bloc de presa: \u00d8 53; 54,5 sau 57,5 \u200b\u200bmm<br \/>\nDimensiuni: 210x320x590 mm<br \/>\nPutere: 350W. \u2013 220-2400V\/50-60Hz &#8211; rpm: 1400 g\/min &#8211; rpm<br \/>\nGreutate neta: 12,5 kg<\/p>\n","protected":false},"excerpt":{"rendered":"<p>R\u00e2\u0219ni\u021b\u0103 de cafea. Capacitate recipient pentru boabe: 1,2 kg; Reglarea continu\u0103 a m\u0103cinarii micrometrice; Reglare dozator: 5-9,5 gr.; Disponibil cu bloc de presa: \u00d8 53; 54,5 sau 57,5 \u200b\u200bmm; Dimensiuni: 210x320x590 mm; Putere: 350W. \u2013 220-2400V\/50-60Hz &#8211; rpm: 1400 g\/min &#8211; rpm; Greutate neta: 12,5 kg.<\/p>\n","protected":false},"featured_media":26582,"template":"","meta":[],"_links":{"self":[{"href":"https:\/\/evotek.md\/ro\/wp-json\/wp\/v2\/product\/30846"}],"collection":[{"href":"https:\/\/evotek.md\/ro\/wp-json\/wp\/v2\/product"}],"about":[{"href":"https:\/\/evotek.md\/ro\/wp-json\/wp\/v2\/types\/product"}],"wp:featuredmedia":[{"embeddable":true,"href":"https:\/\/evotek.md\/ro\/wp-json\/wp\/v2\/media\/26582"}],"wp:attachment":[{"href":"https:\/\/evotek.md\/ro\/wp-json\/wp\/v2\/media?parent=30846"}],"curies":[{"name":"wp","href":"https:\/\/api.w.org\/{rel}","templated":true}]}}