{"id":30842,"date":"2022-05-24T11:03:36","date_gmt":"2022-05-24T11:03:36","guid":{"rendered":"https:\/\/evotek.md\/produse\/fara-categorie\/masina-de-curatat-cartofi-15-kg-mec-monofazat-pl15ce-mono\/"},"modified":"2023-02-07T15:51:23","modified_gmt":"2023-02-07T15:51:23","slug":"masina-de-curatat-cartofi-15-kg-mec-monofazat-pl15ce-mono","status":"publish","type":"product","link":"https:\/\/evotek.md\/ro\/produse\/echipamente-electromecanice\/masina-de-curatat-cartofi\/masina-de-curatat-cartofi-15-kg-mec-monofazat-pl15ce-mono\/","title":{"rendered":"MASINA DE CURATAT CARTOFI 15 kg (230 V) MEC-PL15CE-MONO"},"content":{"rendered":"<p><strong>MASINA DE CURATAT CARTOFI 15 kg (230 V) MEC-PL15CE-MONO-<\/strong> Complet din otel inoxidabil cu microintrerupator de siguranta pe usa si capac si buton de urgenta. Capac cu deschidere complet\u0103 pentru \u00eenc\u0103rcare rapid\u0103 a containerului. Dispozitiv rotativ detasabil pentru o curatare mai buna. Capac transparent pentru controlul unui ciclu de func\u021bionare. Reductor de vitez\u0103 cu transmisie silen\u021bioas\u0103 cu curele multicanare.<\/p>\n<p>Caracteristici<br \/>\nCapacitate: 15 kg<br \/>\nProductivitate: 500 kg pe or\u0103<br \/>\nConexiune: 0,9 kW<br \/>\nTensiune: 230V \/ monofazat<br \/>\nDimensiuni totale: 400x500x900 mm<br \/>\nGreutate: 36 kg<\/p>\n","protected":false},"excerpt":{"rendered":"<p>Ma\u0219in\u0103 de cur\u0103\u021bat cartofi cu o productivitate de 500 kg\/ or\u0103. Capacitate: 15 kg; Productivitate: 500 kg pe or\u0103; Conexiune: 0,9 kW; Tensiune: 230V \/ monofazat; Dimensiuni totale: 400x500x900 mm; Greutate: 36 kg.<\/p>\n","protected":false},"featured_media":30841,"template":"","meta":[],"_links":{"self":[{"href":"https:\/\/evotek.md\/ro\/wp-json\/wp\/v2\/product\/30842"}],"collection":[{"href":"https:\/\/evotek.md\/ro\/wp-json\/wp\/v2\/product"}],"about":[{"href":"https:\/\/evotek.md\/ro\/wp-json\/wp\/v2\/types\/product"}],"wp:featuredmedia":[{"embeddable":true,"href":"https:\/\/evotek.md\/ro\/wp-json\/wp\/v2\/media\/30841"}],"wp:attachment":[{"href":"https:\/\/evotek.md\/ro\/wp-json\/wp\/v2\/media?parent=30842"}],"curies":[{"name":"wp","href":"https:\/\/api.w.org\/{rel}","templated":true}]}}