{"id":30835,"date":"2022-05-24T10:01:40","date_gmt":"2022-05-24T10:01:40","guid":{"rendered":"https:\/\/evotek.md\/produse\/fara-categorie\/fierastrau-pentru-carne-si-oase-mec-so1840-mono-ce\/"},"modified":"2023-03-02T13:20:46","modified_gmt":"2023-03-02T13:20:46","slug":"fierastrau-pentru-carne-si-oase-mec-so1840-mono-ce","status":"publish","type":"product","link":"https:\/\/evotek.md\/ro\/produse\/echipamente-electromecanice\/ferestrau-de-carne-gastronomic\/fierastrau-pentru-carne-si-oase-mec-so1840-mono-ce\/","title":{"rendered":"FIERASTRAU ELECTRIC PENTRU CARNE SI OASE -MEC -SO1840-MONO-CE"},"content":{"rendered":"<p><strong>FIERASTRAU ELECTRIC PENTRU CARNE SI OASE -MEC -SO1840-MONO-CE-<\/strong>\u00a0 este indispensabil la punctele de vanzare de carne, poate taia cu usurinta carnea congelata cu oase sau semifabricate din peste in bucatile dorite. Respect\u0103 standardele interna\u021bionale de igien\u0103. Corp anodizat cu suprafata de lucru din o\u021bel inoxidabil. \u00centinz\u0103tor reglabil al lamei. Ajustare de t\u0103iere \u00eencorporat\u0103.<\/p>\n<p>Caracteristici<br \/>\nLungime centura: 1840 mm<br \/>\nInaltime maxima de taiere: 320 mm<br \/>\nInaltime minima de taiere: 225 mm<br \/>\nAlimentare: 230V \/ 50Hz<br \/>\nSuprafata de lucru: 410&#215;410 mm<br \/>\nConexiune: 0,75 kW &#8211; 1,2 CP<br \/>\nParametri: 530x420x910 mm<br \/>\nGreutate: 40 kg<\/p>\n","protected":false},"excerpt":{"rendered":"<p>Ferastrau pentru carne \u0219i oase. Lungime centura: 1840 mm; Inaltime maxima de taiere: 320 mm; Inaltime minima de taiere: 225 mm; Alimentare: 230V \/ 50Hz; Suprafata de lucru: 410&#215;410 mm; Conexiune: 0,75 kW &#8211; 1,2 CP; Parametri: 530x420x910 mm; Greutate: 40 kg.<\/p>\n","protected":false},"featured_media":30839,"template":"","meta":[],"_links":{"self":[{"href":"https:\/\/evotek.md\/ro\/wp-json\/wp\/v2\/product\/30835"}],"collection":[{"href":"https:\/\/evotek.md\/ro\/wp-json\/wp\/v2\/product"}],"about":[{"href":"https:\/\/evotek.md\/ro\/wp-json\/wp\/v2\/types\/product"}],"wp:featuredmedia":[{"embeddable":true,"href":"https:\/\/evotek.md\/ro\/wp-json\/wp\/v2\/media\/30839"}],"wp:attachment":[{"href":"https:\/\/evotek.md\/ro\/wp-json\/wp\/v2\/media?parent=30835"}],"curies":[{"name":"wp","href":"https:\/\/api.w.org\/{rel}","templated":true}]}}