{"id":30830,"date":"2022-05-23T13:49:40","date_gmt":"2022-05-23T13:49:40","guid":{"rendered":"https:\/\/evotek.md\/produse\/fara-categorie\/masina-de-tocat-carne-profesionala-140-kg-h-mec-tc12-trif-g-ce\/"},"modified":"2022-05-23T13:49:40","modified_gmt":"2022-05-23T13:49:40","slug":"masina-de-tocat-carne-profesionala-140-kg-h-mec-tc12-trif-g-ce","status":"publish","type":"product","link":"https:\/\/evotek.md\/ro\/produse\/echipamente-electromecanice\/masina-de-tocat-carne\/masina-de-tocat-carne-profesionala-140-kg-h-mec-tc12-trif-g-ce\/","title":{"rendered":"MASINA DE TOCAT CARNE PROFESIONALA 140 kg\/h MEC -TC12 TRIF-G-CE"},"content":{"rendered":"<p><strong>MASINA DE TOCAT CARNE PROFESIONALA 140 kg\/h MEC -TC12 TRIF-G-CE-<\/strong> Ma\u0219in\u0103 de tocat carne cu corp de fier, \u00eentrerup\u0103tor de siguran\u021b\u0103, cu\u021bit \u0219i disc inox, capac \u0219i tav\u0103 colectoare din inox. O masina puternic\u0103, de calitate, pentru m\u0103celarii, restaurante sau magazine.<\/p>\n<p>Caracteristici<br \/>\nDotare standard: 1 cu\u021bit, 1 disc de 6 mm<br \/>\nProductivitate pe or\u0103: 140 kg de carne<br \/>\nDimensiuni exterioare: 400 x 240 x 400 mm<br \/>\nTensiune: 400V, 50Hz<br \/>\nDimensiunea tavii de iesire: 250x200x50mm<br \/>\nDimensiune tava cu carne: 250x200x50 mm<br \/>\nPutere: 0,75 kW<br \/>\nGreutate neta: 22 kg<\/p>\n","protected":false},"excerpt":{"rendered":"<p>Masina profesionala de tocat carne 140 kg pe ora. Dotare standard: 1 cu\u021bit, 1 disc de 6 mm; Productivitate pe or\u0103: 140 kg de carne; Dimensiuni exterioare: 400 x 240 x 400 mm; Tensiune: 400V, 50Hz; Dimensiunea tavii de iesire: 250x200x50mm; Dimensiune tava cu carne: 250x200x50 mm; Putere: 0,75 kW; Greutate neta: 22 kg.<\/p>\n","protected":false},"featured_media":30827,"template":"","meta":[],"_links":{"self":[{"href":"https:\/\/evotek.md\/ro\/wp-json\/wp\/v2\/product\/30830"}],"collection":[{"href":"https:\/\/evotek.md\/ro\/wp-json\/wp\/v2\/product"}],"about":[{"href":"https:\/\/evotek.md\/ro\/wp-json\/wp\/v2\/types\/product"}],"wp:featuredmedia":[{"embeddable":true,"href":"https:\/\/evotek.md\/ro\/wp-json\/wp\/v2\/media\/30827"}],"wp:attachment":[{"href":"https:\/\/evotek.md\/ro\/wp-json\/wp\/v2\/media?parent=30830"}],"curies":[{"name":"wp","href":"https:\/\/api.w.org\/{rel}","templated":true}]}}