{"id":30822,"date":"2022-05-23T12:54:01","date_gmt":"2022-05-23T12:54:01","guid":{"rendered":"https:\/\/evotek.md\/produse\/fara-categorie\/lampa-electrica-insecticida-pana-la-50-m%c2%b2-st-692221\/"},"modified":"2024-07-05T06:55:57","modified_gmt":"2024-07-05T06:55:57","slug":"st-692221","status":"publish","type":"product","link":"https:\/\/evotek.md\/ro\/produse\/solutii-pentru-curatare\/insecticide-pentru-horeca\/st-692221\/","title":{"rendered":"LAMP\u0102 ELECTRIC\u0102 INSECTICID\u0102 (p\u00e2n\u0103 la 50 m\u00b2) -ST-692221"},"content":{"rendered":"<p><strong>LAMP\u0102 ELECTRIC\u0102 INSECTICID\u0102 (p\u00e2n\u0103 la 50 m\u00b2) -ST-692221-<\/strong> Lampa insecticid este utilizat\u0103 \u00een baruri, magazine alimentare, m\u0103cel\u0103rii, cofet\u0103rii, spitale. Dispozitiv universal de control al insectelor. Poate fi montat pe perete. Momeal\u0103 insectele printr-un sistem UV. O capcan\u0103 echipat\u0103 cu o re\u021bea de \u00eenalt\u0103 tensiune. Aparatul este certificat HACCP. Raza de lucru 50 m\u00b2.<\/p>\n<p><strong>Avantaje:<\/strong><\/p>\n<p>zona eficient\u0103 de efect.<br \/>\nFunc\u021bioneaz\u0103 f\u0103r\u0103 utilizarea de substan\u021be chimice.<br \/>\nLumina l\u0103mpii este complet sigur\u0103 pentru oameni \u0219i animale.<br \/>\nConstruc\u021bie robust\u0103.<br \/>\nEficien\u021b\u0103 ridicat\u0103 a distrugerii insectelor.<br \/>\nTav\u0103 deta\u0219abil\u0103 pentru cur\u0103\u021barea rapid\u0103 a l\u0103mpii.<br \/>\nSchimba\u021bi demaroarele \u0219i becurile dintr-o singur\u0103 mi\u0219care, f\u0103r\u0103 a fi nevoie s\u0103 demonta\u021bi \u00eentregul aparat.<br \/>\nPrincipiul de func\u021bionare este urm\u0103torul: l\u0103mpile electrice cu ultraviolete emit o gam\u0103 \u00eengust\u0103 de lumin\u0103 \u00een spectrul vizibil, care atrage insectele zbur\u0103toare (\u021b\u00e2n\u021bari, fluturi etc.). Dup\u0103 ce a zburat \u00een dispozitiv, insecta atinge re\u021beaua metalic\u0103 sub tensiune \u0219i este distrus\u0103 instantaneu de o desc\u0103rcare electric\u0103. Dispozitivul serve\u0219te ca o alternativ\u0103 excelent\u0103 la repellen\u021bii chimici.<\/p>\n<p><strong>Caracteristici<\/strong><br \/>\nNumar de lampi: 2&#215;20 W<br \/>\nRaza de lucru: 50 m\u00b2<br \/>\nMaterial carcasa: metal si plastic<br \/>\nTensiune: 220V<br \/>\nPutere: 0,05 kW<br \/>\nDimensiuni: 320x650x95 mm<br \/>\nGreutate: 5,5 kg<\/p>\n","protected":false},"excerpt":{"rendered":"<p>Lamp\u0103 insecticid\u0103 50 \u043c\u00b2. Numar de lampi: 2&#215;20 W; Raza de lucru: 50 m\u00b2; Material carcasa: metal si plastic; Tensiune: 220V; Putere: 0,05 kW; Dimensiuni: 320x650x95 mm; Greutate: 5,5 kg.<\/p>\n","protected":false},"featured_media":30821,"template":"","meta":[],"_links":{"self":[{"href":"https:\/\/evotek.md\/ro\/wp-json\/wp\/v2\/product\/30822"}],"collection":[{"href":"https:\/\/evotek.md\/ro\/wp-json\/wp\/v2\/product"}],"about":[{"href":"https:\/\/evotek.md\/ro\/wp-json\/wp\/v2\/types\/product"}],"wp:featuredmedia":[{"embeddable":true,"href":"https:\/\/evotek.md\/ro\/wp-json\/wp\/v2\/media\/30821"}],"wp:attachment":[{"href":"https:\/\/evotek.md\/ro\/wp-json\/wp\/v2\/media?parent=30822"}],"curies":[{"name":"wp","href":"https:\/\/api.w.org\/{rel}","templated":true}]}}