{"id":3081,"date":"2020-02-26T15:06:23","date_gmt":"2020-02-26T15:07:26","guid":{"rendered":"https:\/\/evotek.md\/?post_type=product&#038;p=3081"},"modified":"2023-07-11T11:52:30","modified_gmt":"2023-07-11T11:52:30","slug":"masina-automata-de-umplut-carnati-hkn-ise30","status":"publish","type":"product","link":"https:\/\/evotek.md\/ro\/produse\/echipamente-electromecanice\/masina-de-umplut-carnati\/masina-automata-de-umplut-carnati-hkn-ise30\/","title":{"rendered":"MASINA DE UMPLUT CARNATI, ELECTRICA, 30 LITRI (vertical) -HKN-ISE30"},"content":{"rendered":"<p><strong>MASINA DE UMPLUT CARNATI, ELECTRICA, 30 LITRI (vertical) -HKN-ISE30-<\/strong> Este destinat form\u0103rii c\u00e2rna\u021bilor folosind carne tocat\u0103 preparat\u0103. Toate elementele de baz\u0103 sunt fabricate din inox de \u00eenalt\u0103 calitate. Capacitatea recipientului pentru carne tocat\u0103, de asemenea din o\u021bel inoxidabil, este de 30 de litri. Datorit\u0103 sistemului unic de extrudare, pistonul revine rapid la pozi\u021bia ini\u021bial\u0103, ceea ce gr\u0103be\u0219te foarte mult procesul de umplere a seringii. Control automat. Include 4 duze din inox cu diametre: 38, 32, 22 \u0219i 16 mm. Ideal pentru a fi utilizat \u00een buc\u0103t\u0103riile casnice sau profesionale ale hotelurilor, restaurantelor \u0219i cantinelor.<\/p>\n<p>Caracteristici<\/p>\n<p>Brand Hurakan<\/p>\n<p>Parametri: 1052\u0445475\u0445345 mm<\/p>\n<p>Putere: 0,25 kW<\/p>\n<p>Greutate net\u0103: 54 kg<\/p>\n<p>&nbsp;<\/p>\n","protected":false},"excerpt":{"rendered":"<p>Ma\u0219in\u0103 automat\u0103 de umplut c\u00e2rna\u021bi, cu capacitatea recipientului pentru carne tocat\u0103 de 30 litri. Modelul are dimensiuni de 1052\u0445475\u0445345 mm. Puterea este de 0,25 kW. Greutate &#8211; 54 kg.<\/p>\n","protected":false},"featured_media":3080,"template":"","meta":[],"_links":{"self":[{"href":"https:\/\/evotek.md\/ro\/wp-json\/wp\/v2\/product\/3081"}],"collection":[{"href":"https:\/\/evotek.md\/ro\/wp-json\/wp\/v2\/product"}],"about":[{"href":"https:\/\/evotek.md\/ro\/wp-json\/wp\/v2\/types\/product"}],"wp:featuredmedia":[{"embeddable":true,"href":"https:\/\/evotek.md\/ro\/wp-json\/wp\/v2\/media\/3080"}],"wp:attachment":[{"href":"https:\/\/evotek.md\/ro\/wp-json\/wp\/v2\/media?parent=3081"}],"curies":[{"name":"wp","href":"https:\/\/api.w.org\/{rel}","templated":true}]}}