{"id":30760,"date":"2022-05-17T14:05:15","date_gmt":"2022-05-17T14:05:15","guid":{"rendered":"https:\/\/evotek.md\/produse\/fara-categorie\/30760\/"},"modified":"2022-05-17T14:52:34","modified_gmt":"2022-05-17T14:52:34","slug":"m-09368010","status":"publish","type":"product","link":"https:\/\/evotek.md\/ro\/produse\/echipamente-electromecanice\/mixer-pentru-carne\/m-09368010\/","title":{"rendered":"MIXER MANUAL PENTRU CARNE 10 LITRI, BOL BASCULANT M-09368010"},"content":{"rendered":"<p><strong>MIXER MANUAL PENTRU CARNE 10 LITRI, BOL BASCULANT M-09368010-<\/strong> este un mixer pentru carne manual puternic, echipat cu un bol basculant, astfel \u00eenc\u00e2t carnea procesat\u0103 s\u0103 poat\u0103 fi \u00eendep\u0103rtat\u0103 cu u\u0219urin\u021b\u0103.<\/p>\n<p><strong>Particularitati<\/strong>:<br \/>\nMixer manual carne 10 litri &#8211; bol basculant<br \/>\nMixer de carne profesional, de \u00eencredere<br \/>\nCorp din o\u021bel inoxidabil, palete de amestecare \u0219i capac<br \/>\nFunc\u021bia de blocare a \u00eenclin\u0103rii<br \/>\nM\u00e2ner pivotant robust \u0219i confortabil<br \/>\nAripa de amestecare \u0219i bra\u021bul pot fi \u00eendep\u0103rtate cu u\u0219urin\u021b\u0103<br \/>\nMixerul se poate roti \u00een dou\u0103 direc\u021bii<br \/>\nEchipat cu rulmenti cu bile sigilate<br \/>\nPicioare din cauciuc pentru a proteja blatul mesei.<br \/>\nIdeal pentru amestecarea c\u0103rnii \u0219i condimentelor<br \/>\nU\u0219or de cur\u0103\u021bat datorit\u0103 bolului basculant<\/p>\n<p><strong>Caracteristici<\/strong><br \/>\nCapacitate: 6,5 &#8211; 7,5 kg (in functie de textura carnii)<br \/>\nCapacitate: max 10 litri<br \/>\nGreutate neta: 6,5 kg<br \/>\nDimensiuni aparat: L390 x D250 x H370 mm<\/p>\n","protected":false},"excerpt":{"rendered":"<p>Mixer manual pentru carne cu capacitatea p\u00e2n\u0103 la 7,5 kg de carne. Capacitate: 6,5 &#8211; 7,5 kg (in functie de textura carnii); Capacitate: max 10 litri; Greutate neta: 6,5 kg; Dimensiuni aparat: L390 x D250 x H370 mm.<\/p>\n","protected":false},"featured_media":30749,"template":"","meta":[],"_links":{"self":[{"href":"https:\/\/evotek.md\/ro\/wp-json\/wp\/v2\/product\/30760"}],"collection":[{"href":"https:\/\/evotek.md\/ro\/wp-json\/wp\/v2\/product"}],"about":[{"href":"https:\/\/evotek.md\/ro\/wp-json\/wp\/v2\/types\/product"}],"wp:featuredmedia":[{"embeddable":true,"href":"https:\/\/evotek.md\/ro\/wp-json\/wp\/v2\/media\/30749"}],"wp:attachment":[{"href":"https:\/\/evotek.md\/ro\/wp-json\/wp\/v2\/media?parent=30760"}],"curies":[{"name":"wp","href":"https:\/\/api.w.org\/{rel}","templated":true}]}}