{"id":30722,"date":"2022-05-17T10:15:03","date_gmt":"2022-05-17T10:15:03","guid":{"rendered":"https:\/\/evotek.md\/produse\/fara-categorie\/masin-de-tocat-carne-pana-la-320-kg-pe-ora-maxima-mmm-32-m-09300455\/"},"modified":"2023-01-27T09:47:53","modified_gmt":"2023-01-27T09:47:53","slug":"masin-de-tocat-carne-pana-la-320-kg-pe-ora-maxima-mmm-32-m-09300455","status":"publish","type":"product","link":"https:\/\/evotek.md\/ro\/produse\/echipamente-electromecanice\/masina-de-tocat-carne\/masin-de-tocat-carne-pana-la-320-kg-pe-ora-maxima-mmm-32-m-09300455\/","title":{"rendered":"MASINA DE TOCAT CARNE 320 kg\/h M-09300455"},"content":{"rendered":"<p><strong>MASINA DE TOCAT CARNE 320 kg\/h M-09300455-<\/strong> ma\u0219in\u0103 de tocat carne profesional\u0103 puternic\u0103 cu corp \u0219i plac\u0103 din o\u021bel inoxidabil. \u00cen plus, melcul, cu\u021bitul \u0219i inelul \u0219urubului sunt, de asemenea, fabricate din o\u021bel inoxidabil. Ma\u0219ina de tocat carne Maxima MMM 32 are patru picioare de cauciuc, care sunt protejate suplimentar \u00eempotriva alunec\u0103rii.<\/p>\n<p>Caracteristici<br \/>\nCorp \u0219i tav\u0103 din o\u021bel inoxidabil<br \/>\nAngrenaj melcat \u0219i inel \u0219urub din o\u021bel inoxidabil<br \/>\nCu\u021bite \u0219i pl\u0103ci din o\u021bel c\u0103lit<br \/>\nPiesa de m\u0103cinare este \u00eendep\u0103rtat\u0103 dintr-o singur\u0103 mi\u0219care<br \/>\nCu 2 viteze: \u00eenainte \u0219i \u00eenapoi<br \/>\nProductivitate: p\u00e2n\u0103 la 320 kg pe or\u0103<br \/>\nDimensiuni tava: H60 x L350 x D500 mm<br \/>\nDiametru gaura tavii: 80 mm<br \/>\nDiametrul pl\u0103cii de \u0219lefuit: 100 mm<br \/>\nComutator protectie motor<br \/>\nSt\u0103 pe patru picioare de cauciuc<br \/>\nUsor de curatat<br \/>\nGreutate neta: 55 kg<br \/>\nDimensiuni: H570 x L340 x D650 mm<br \/>\nConexiune: 220V\/50Hz\/1 faza 1500W<\/p>\n<p>Standard inclus:<br \/>\n1 \u00eemping\u0103tor<br \/>\n2 cu\u021bite \u00eencruci\u0219ate<br \/>\n1 umplutur\u0103 de c\u00e2rna\u021bi &#8211; \u00d8 20 mm<br \/>\nPlac\u0103 de \u0219lefuit 6 mm<br \/>\nPlaca de slefuit 8 mm<\/p>\n<p>&nbsp;<\/p>\n","protected":false},"excerpt":{"rendered":"<p>Masina de tocat carne cu productivitatea de 320 kg pe or\u0103. Corp \u0219i tav\u0103 din o\u021bel inoxidabil; Angrenaj melcat \u0219i inel \u0219urub din o\u021bel inoxidabil; Cu\u021bite \u0219i pl\u0103ci din o\u021bel c\u0103lit; Piesa de m\u0103cinare este \u00eendep\u0103rtat\u0103 dintr-o singur\u0103 mi\u0219care; Cu 2 viteze: \u00eenainte \u0219i \u00eenapoi; Productivitate: p\u00e2n\u0103 la 320 kg pe or\u0103; Dimensiuni tava: H60 x L350 x D500 mm; Diametru gaura tavii: 80 mm; Diametrul pl\u0103cii de \u0219lefuit: 100 mm; Comutator protectie motor; St\u0103 pe patru picioare de cauciuc; Usor de curatat; Greutate neta: 55 kg; Dimensiuni: H570 x L340 x D650 mm; Conexiune: 220V\/50Hz\/1 faza 1500W.<\/p>\n","protected":false},"featured_media":30705,"template":"","meta":[],"_links":{"self":[{"href":"https:\/\/evotek.md\/ro\/wp-json\/wp\/v2\/product\/30722"}],"collection":[{"href":"https:\/\/evotek.md\/ro\/wp-json\/wp\/v2\/product"}],"about":[{"href":"https:\/\/evotek.md\/ro\/wp-json\/wp\/v2\/types\/product"}],"wp:featuredmedia":[{"embeddable":true,"href":"https:\/\/evotek.md\/ro\/wp-json\/wp\/v2\/media\/30705"}],"wp:attachment":[{"href":"https:\/\/evotek.md\/ro\/wp-json\/wp\/v2\/media?parent=30722"}],"curies":[{"name":"wp","href":"https:\/\/api.w.org\/{rel}","templated":true}]}}