{"id":3071,"date":"2020-02-26T14:12:03","date_gmt":"2020-02-26T14:22:20","guid":{"rendered":"https:\/\/evotek.md\/?post_type=product&#038;p=3071"},"modified":"2023-07-11T11:52:37","modified_gmt":"2023-07-11T11:52:37","slug":"masina-automata-de-umplut-carnati-hkn-isa35","status":"publish","type":"product","link":"https:\/\/evotek.md\/ro\/produse\/echipamente-electromecanice\/masina-de-umplut-carnati\/masina-automata-de-umplut-carnati-hkn-isa35\/","title":{"rendered":"MASINA DE UMPLUT CARNATI, ELECTRICA, 35 LITRI (vertical) -HKN-ISA35"},"content":{"rendered":"<p><strong>MASINA DE UMPLUT CARNATI, ELECTRICA, 35 LITRI (vertical) -HKN-ISA35-<\/strong> Este destinat form\u0103rii c\u00e2rna\u021bilor folosind carne tocat\u0103 preparat\u0103. Toate elementele de baz\u0103 sunt fabricate din inox de \u00eenalt\u0103 calitate. Capacitatea recipientului pentru carne tocat\u0103, de asemenea din o\u021bel inoxidabil, este de 35 de litri. Pozi\u021bionarea ergonomic\u0103 a pedalei de control ofer\u0103 o u\u0219urin\u021b\u0103 de utilizare. Productivitatea dispozitivului este de 600 kg \\ or\u0103. Include 4 duze cu diametrul: 38, 25, 19 \u0219i 16 mm. Ideal pentru utilizarea \u00een hoteluri, restaurante, cantine \u0219i altele.<\/p>\n<p>Caracteristici<\/p>\n<p>Brand Hurakan<\/p>\n<p>Parametri: 735x560x1240 mm<\/p>\n<p>Putere: 1,1 kW<\/p>\n<p>Greutate net\u0103: 180 kg<\/p>\n<p>&nbsp;<\/p>\n","protected":false},"excerpt":{"rendered":"<p>Ma\u0219in\u0103 automat\u0103 de umplut c\u00e2rna\u021bi, cu capacitatea recipientului pentru carne tocat\u0103 de 35 litri. Modelul are dimensiuni de 735x560x1240 mm. Puterea este de 1,1 kW. Este conectat la o re\u021bea de 230 V. Greutate &#8211; 180 kg.<\/p>\n","protected":false},"featured_media":3070,"template":"","meta":[],"_links":{"self":[{"href":"https:\/\/evotek.md\/ro\/wp-json\/wp\/v2\/product\/3071"}],"collection":[{"href":"https:\/\/evotek.md\/ro\/wp-json\/wp\/v2\/product"}],"about":[{"href":"https:\/\/evotek.md\/ro\/wp-json\/wp\/v2\/types\/product"}],"wp:featuredmedia":[{"embeddable":true,"href":"https:\/\/evotek.md\/ro\/wp-json\/wp\/v2\/media\/3070"}],"wp:attachment":[{"href":"https:\/\/evotek.md\/ro\/wp-json\/wp\/v2\/media?parent=3071"}],"curies":[{"name":"wp","href":"https:\/\/api.w.org\/{rel}","templated":true}]}}