{"id":30673,"date":"2022-05-12T12:20:26","date_gmt":"2022-05-12T12:20:26","guid":{"rendered":"https:\/\/evotek.md\/produse\/fara-categorie\/dulap-frigorific-ugur-666-l-uss-700-dtkl-premium\/"},"modified":"2022-12-02T08:36:10","modified_gmt":"2022-12-02T08:36:10","slug":"dulap-frigorific-ugur-666-l-uss-700-dtkl-premium","status":"publish","type":"product","link":"https:\/\/evotek.md\/ro\/produse\/echipamente-frigorifice\/dulapuri-frigorifice\/dulap-frigorific-ugur-666-l-uss-700-dtkl-premium\/","title":{"rendered":"DULAP FRIGORIFIC CU USA DIN STICLA UGUR 666 L -USS 700 DTKL PREMIUM"},"content":{"rendered":"<p><strong>DULAP FRIGORIFIC CU USA DIN STICLA UGUR 666 L -USS 700 DTKL PREMIUM-<\/strong> Dulapul frigorific este conceput pentru sectorul retail si reprezinta solutia optima pentru depozitarea produselor dumneavoastra, precum sticle, cutii de bauturi racoritoare, precum si bere, legume, fructe, flori.<\/p>\n<p><strong>Particularitati:<\/strong><br \/>\nU\u0219a este format\u0103 \u00eentr-un cadru de aluminiu \u0219i sticl\u0103 c\u0103lit\u0103 \u00eentr-o fereastr\u0103 cu geam dublu etan\u0219; Iluminare fluorescent\u0103 orizontal\u0103 intern\u0103; Poate fi echipat cu lac\u0103t; Este posibil de aplicat sigla unui anumit brand pe u\u0219\u0103. Rafturile pot fi, de asemenea, personalizate cu sigl\u0103 sau echipate cu etichete de pre\u021b.<br \/>\nAgent frigorific: R134a\/R290<\/p>\n<p>Caracteristici<br \/>\nInterval de temperatur\u0103: 1 p\u00e2n\u0103 la 10 \u00b0C<br \/>\nVolum: 666 l<br \/>\nR\u0103cire: dinamic\u0103<br \/>\nVersiune u\u0219\u0103: transparent\u0103<br \/>\nTensiune: 220V<br \/>\nConsum de energie: 0,245 kWh<br \/>\nLatime: 780 mm<br \/>\nAd\u00e2ncime: 755 mm<br \/>\nInaltime: 2130 mm<br \/>\nGreutate: 132 kg<br \/>\nCuloare: alb\u0103<\/p>\n","protected":false},"excerpt":{"rendered":"<p>Dulap frigorific pentru b\u0103uturi 666 litri. Interval de temperatur\u0103: 1 p\u00e2n\u0103 la 10 \u00b0C; Volum: 666 l; R\u0103cire: dinamic\u0103; Versiune u\u0219\u0103: transparent\u0103; Tensiune: 220V; Consum de energie: 0,245 kWh; Latime: 780 mm; Ad\u00e2ncime: 755 mm; Inaltime: 2130 mm; Greutate: 132 kg; Culoare: alb\u0103.<\/p>\n","protected":false},"featured_media":30672,"template":"","meta":[],"_links":{"self":[{"href":"https:\/\/evotek.md\/ro\/wp-json\/wp\/v2\/product\/30673"}],"collection":[{"href":"https:\/\/evotek.md\/ro\/wp-json\/wp\/v2\/product"}],"about":[{"href":"https:\/\/evotek.md\/ro\/wp-json\/wp\/v2\/types\/product"}],"wp:featuredmedia":[{"embeddable":true,"href":"https:\/\/evotek.md\/ro\/wp-json\/wp\/v2\/media\/30672"}],"wp:attachment":[{"href":"https:\/\/evotek.md\/ro\/wp-json\/wp\/v2\/media?parent=30673"}],"curies":[{"name":"wp","href":"https:\/\/api.w.org\/{rel}","templated":true}]}}