{"id":30668,"date":"2022-05-12T11:12:11","date_gmt":"2022-05-12T11:12:11","guid":{"rendered":"https:\/\/evotek.md\/produse\/fara-categorie\/lada-frigorifica-pentru-congelare-ugur\/"},"modified":"2024-04-03T10:11:54","modified_gmt":"2024-04-03T10:11:54","slug":"lada-frigorifica-pentru-congelare-ugur","status":"publish","type":"product","link":"https:\/\/evotek.md\/ro\/produse\/echipamente-frigorifice\/lada-frigorifica-pentru-congelare\/lada-frigorifica-pentru-congelare-ugur\/","title":{"rendered":"LADA FRIGORIFICA PENTRU CONGELARE, CAPAC TRANSPARENT GLISANT, 385 LITRI UGUR -UDD 400 SC"},"content":{"rendered":"<p><strong>LADA FRIGORIFICA PENTRU CONGELARE, CAPAC TRANSPARENT GLISANT, 385 LITRI UGUR -UDD 400 SC-<\/strong> este o lad\u0103 cu temperatur\u0103 joas\u0103, conceput\u0103 pentru p\u0103strarea alimentelor la temperaturi de -12\u00b0\u2026-22\u00b0.<\/p>\n<p>Pachetul standard include:<br \/>\n\u2014 Raclet\u0103 pentru cur\u0103\u021bare;<br \/>\n\u2014 2 co\u0219uri (2\/5);<br \/>\n\u2014 Ro\u021bi cu opritoare;<br \/>\n\u2014 Blocare + cheie.<\/p>\n<p>Caracteristici<br \/>\nClasa climatica: 4+<br \/>\nConsum de energie: 4,4 kW\/24h<br \/>\nInterval de func\u021bionare: -12\u2026-22 C\u00b0<br \/>\nSursa de alimentare: 220-240\/50 V\/Hz<br \/>\nAgent frigorific: R404a\/R290<br \/>\nVolum (net\/brut): 334\/385 l<br \/>\nGreutate (net\/brut): 65\/80 mm<br \/>\nDimensiuni exterioare (LxPxA): 1298x629x892 mm<br \/>\nDimensiuni interioare (LxPxA): 1180x510x663 mm<br \/>\nDimensiuni ambalaj: 1330x680x950 mm<br \/>\nPute\u021bi ad\u0103uga p\u00e2n\u0103 la 5 co\u0219uri<br \/>\n*Cosurile nu sunt incluse<\/p>\n","protected":false},"excerpt":{"rendered":"<p>Lad\u0103 frigorific\u0103 pentru congelare. Clasa climatica: 4+; Consum de energie: 4,4 kW\/24h; Interval de func\u021bionare: -12\u2026-22 C\u00b0; Sursa de alimentare: 220-240\/50 V\/Hz; Agent frigorific: R404a\/R290; Volum (net\/brut): 334\/385 l; Greutate (net\/brut): 65\/80 mm; Dimensiuni exterioare (LxPxA): 1298x629x892 mm; Dimensiuni interioare (LxPxA): 1180x510x663 mm; Dimensiuni ambalaj: 1330x680x950 mm; Pute\u021bi ad\u0103uga p\u00e2n\u0103 la 5 co\u0219uri.<br \/>\n*Cosurile nu sunt incluse<\/p>\n","protected":false},"featured_media":30661,"template":"","meta":[],"_links":{"self":[{"href":"https:\/\/evotek.md\/ro\/wp-json\/wp\/v2\/product\/30668"}],"collection":[{"href":"https:\/\/evotek.md\/ro\/wp-json\/wp\/v2\/product"}],"about":[{"href":"https:\/\/evotek.md\/ro\/wp-json\/wp\/v2\/types\/product"}],"wp:featuredmedia":[{"embeddable":true,"href":"https:\/\/evotek.md\/ro\/wp-json\/wp\/v2\/media\/30661"}],"wp:attachment":[{"href":"https:\/\/evotek.md\/ro\/wp-json\/wp\/v2\/media?parent=30668"}],"curies":[{"name":"wp","href":"https:\/\/api.w.org\/{rel}","templated":true}]}}