{"id":30656,"date":"2022-05-12T10:27:17","date_gmt":"2022-05-12T10:50:49","guid":{"rendered":"https:\/\/evotek.md\/?post_type=product&#038;p=30656"},"modified":"2023-07-03T08:23:08","modified_gmt":"2023-07-03T08:23:08","slug":"lada-frigorifica-pentru-congelare-ugur-udd-500-bk","status":"publish","type":"product","link":"https:\/\/evotek.md\/ro\/produse\/echipamente-frigorifice\/lada-frigorifica-pentru-congelare\/lada-frigorifica-pentru-congelare-ugur-udd-500-bk\/","title":{"rendered":"LADA FRIGORIFICA PENTRU CONGELARE, USA OARBA 492 LITRI UGUR -UDD 500 BK"},"content":{"rendered":"<p><strong>LADA FRIGORIFICA PENTRU CONGELARE, USA OARBA 492 LITRI UGUR -UDD 500 BK-<\/strong> lad\u0103 de temperatur\u0103 joas\u0103 cu capac, conceput\u0103 pentru a depozita produse la o gam\u0103 de temperatur\u0103 de -15 \u00b0 &#8230; -25 \u00b0.<\/p>\n<p><strong>Setul standard include:<\/strong><br \/>\n&#8211; Racleta pentru curatare;<\/p>\n<p><strong>Op\u021biuni:<\/strong><br \/>\n&#8211; Cos suplimentar (6\/6);<br \/>\n&#8211; Roti cu opritoare;<br \/>\n&#8211; Blocare + cheie;<\/p>\n<p><strong>Caracteristici<\/strong><br \/>\nClasa climatica: 4+<br \/>\nConsum de energie: 2,16 kW\/24h<br \/>\nInterval de func\u021bionare: -15\u2026-25 \u0421\u00b0<br \/>\nSursa de alimentare: 220-240\/50V\/Hz<br \/>\nAgent frigorific: R404a<br \/>\nVolum (net\/brut): 471\/492 l<br \/>\nGreutate (net\/brut): 76\/94 kg<br \/>\nDimensiuni interioare (LxPxA): 1430x510x682 mm<br \/>\nDimensiuni exterioare (LxPxA): 1552x715x833 mm<br \/>\nPute\u021bi ad\u0103uga p\u00e2n\u0103 la 5 co\u0219uri<br \/>\n*Cosurile nu sunt incluse<\/p>\n","protected":false},"excerpt":{"rendered":"<p>Lad\u0103 frigorific\u0103 pentru congelare. Clasa climatica: 4+; Consum de energie: 2,16 kW\/24h; Interval de func\u021bionare: -15\u2026-25 \u0421\u00b0; Sursa de alimentare: 220-240\/50V\/Hz; Agent frigorific: R404a; Volum (net\/brut): 471\/492 l; Greutate (net\/brut): 76\/94 kg; Dimensiuni interioare (LxPxA): 1430x510x682 mm; Dimensiuni exterioare (LxPxA): 1552x715x833 mm; Pute\u021bi ad\u0103uga p\u00e2n\u0103 la 5 co\u0219uri; *Cosurile nu sunt incluse<\/p>\n","protected":false},"featured_media":30655,"template":"","meta":[],"_links":{"self":[{"href":"https:\/\/evotek.md\/ro\/wp-json\/wp\/v2\/product\/30656"}],"collection":[{"href":"https:\/\/evotek.md\/ro\/wp-json\/wp\/v2\/product"}],"about":[{"href":"https:\/\/evotek.md\/ro\/wp-json\/wp\/v2\/types\/product"}],"wp:featuredmedia":[{"embeddable":true,"href":"https:\/\/evotek.md\/ro\/wp-json\/wp\/v2\/media\/30655"}],"wp:attachment":[{"href":"https:\/\/evotek.md\/ro\/wp-json\/wp\/v2\/media?parent=30656"}],"curies":[{"name":"wp","href":"https:\/\/api.w.org\/{rel}","templated":true}]}}