{"id":30651,"date":"2022-05-12T09:03:35","date_gmt":"2022-05-12T09:03:35","guid":{"rendered":"https:\/\/evotek.md\/produse\/fara-categorie\/dulap-frigorific-ugur-374-l-uss-374-dtk-bk\/"},"modified":"2022-12-02T08:57:01","modified_gmt":"2022-12-02T08:57:01","slug":"dulap-frigorific-ugur-372-l-uss-374-dtk-bk","status":"publish","type":"product","link":"https:\/\/evotek.md\/ro\/produse\/echipamente-frigorifice\/dulapuri-frigorifice\/dulap-frigorific-ugur-372-l-uss-374-dtk-bk\/","title":{"rendered":"DULAP FRIGORIFIC CU USA OARBA UGUR 372 L -USS 374 DTK BK"},"content":{"rendered":"<p><strong>DULAP FRIGORIFIC CU USA OARBA UGUR 372 L -USS 374 DTK BK-<\/strong> este un dulap de temperatur\u0103 medie cu u\u0219\u0103, conceput pentru p\u0103strarea alimentelor la un interval de temperatur\u0103 de 0\u00b0&#8230;+10\u00b0.<\/p>\n<p><strong>Setul standard include:<\/strong><br \/>\n&#8211; 5 rafturi;<br \/>\n&#8211; Iluminare de fundal fluorescent\u0103.<\/p>\n<p><strong>Op\u021biuni:<\/strong><br \/>\n&#8211; rafturi suplimentare;<br \/>\n&#8211; Blocare + cheie;<br \/>\n&#8211; Branding;<br \/>\n&#8211; Iluminare de fundal cu LED.<\/p>\n<p><strong>Caracteristici<\/strong><br \/>\nClasa climatica: 4+<br \/>\nConsum de energie: 4,3 kW\/24h<br \/>\nDomeniu de func\u021bionare: 0\u2026+10 \u00b0C<br \/>\nSursa de alimentare: 220-240\/50V\/Hz<br \/>\nAgent frigorific: R600a<br \/>\nVolum (net\/brut): 345\/372 l<br \/>\nGreutate (net\/brut): 65\/70 kg<br \/>\nDimensiuni interioare (LxPxA): 505x462x1555 mm<br \/>\nDimensiuni exterioare (LxPxA) 595x640x1980 mm<br \/>\nDimensiunile exterioare ale pachetului (LxPxH) 610x660x2080 mm<br \/>\nNumar rafturi: 5 buc<\/p>\n","protected":false},"excerpt":{"rendered":"<p>Dulap frigorific 372 litri. Clasa climatica: 4+; Consum de energie: 4,3 kW\/24h; Domeniu de func\u021bionare: 0\u2026+10 \u00b0C; Sursa de alimentare: 220-240\/50V\/Hz; Agent frigorific: R600a; Volum (net\/brut): 345\/372 l; Greutate (net\/brut): 65\/70 kg; Dimensiuni interioare (LxPxA): 505x462x1555 mm; Dimensiuni exterioare (LxPxA) 595x640x1980 mm; Dimensiunile exterioare ale pachetului (LxPxH) 610x660x2080 mm; Numar rafturi: 5 buc.<\/p>\n","protected":false},"featured_media":30640,"template":"","meta":[],"_links":{"self":[{"href":"https:\/\/evotek.md\/ro\/wp-json\/wp\/v2\/product\/30651"}],"collection":[{"href":"https:\/\/evotek.md\/ro\/wp-json\/wp\/v2\/product"}],"about":[{"href":"https:\/\/evotek.md\/ro\/wp-json\/wp\/v2\/types\/product"}],"wp:featuredmedia":[{"embeddable":true,"href":"https:\/\/evotek.md\/ro\/wp-json\/wp\/v2\/media\/30640"}],"wp:attachment":[{"href":"https:\/\/evotek.md\/ro\/wp-json\/wp\/v2\/media?parent=30651"}],"curies":[{"name":"wp","href":"https:\/\/api.w.org\/{rel}","templated":true}]}}