{"id":3061,"date":"2020-02-26T13:45:25","date_gmt":"2020-02-26T13:48:44","guid":{"rendered":"https:\/\/evotek.md\/?post_type=product&#038;p=3061"},"modified":"2023-01-17T11:05:17","modified_gmt":"2023-01-17T11:05:17","slug":"plita-pe-gaz-empero-emp-9kg-021","status":"publish","type":"product","link":"https:\/\/evotek.md\/ro\/produse\/echipamente-termice\/plite-de-gaz\/plita-pe-gaz-empero-emp-9kg-021\/","title":{"rendered":"PLITA PE GAZ CU 4 ARZATOARE SI CUPTOR -EMP.9KG.021"},"content":{"rendered":"<p><strong>PLITA PE GAZ CU 4 ARZATOARE SI CUPTOR -EMP.9KG.021- <\/strong>Plita electric\u0103 este folosit\u0103 \u00een \u00eentreprinderile de alimenta\u021bie public\u0103 \u0219i comer\u021b pentru a preg\u0103ti o gam\u0103 larg\u0103 de bucate. Modelul este echipat cu un sistem de aprindere piezoelectric\u0103 pentru fiecare modul. Carcasa este din inox, grilele sunt din font\u0103.<\/p>\n<p>Facilit\u0103\u021bi: Poate lucra at\u00e2t pe lichefiat, c\u00e2t \u0219i pe gaz natural; Robinete magnetice de siguran\u021b\u0103 \u0219i termocuple; Igienic \u0219i u\u0219or de cur\u0103\u021bat.<\/p>\n<p>Caracteristici<\/p>\n<p>Instalare: pe podea<\/p>\n<p>Echipament: cuptor pe gaz<\/p>\n<p>Suprafa\u021ba de lucru: sec\u021bional\u0103<\/p>\n<p>Num\u0103rul de arz\u0103toare: 4<\/p>\n<p>Putere: 40 kW<\/p>\n<p>Parametri: 1000x1000x850 mm<\/p>\n<p>Greutate (f\u0103r\u0103 ambalaj): 155 kg<\/p>\n<p>\u021aara de origine: Turcia<\/p>\n<p>&nbsp;<\/p>\n<p>&nbsp;<\/p>\n<p>&nbsp;<\/p>\n<p>&nbsp;<\/p>\n","protected":false},"excerpt":{"rendered":"<p>Plit\u0103 pe gaz cu 4 arz\u0103toare. Instalare: pe podea; Echipament: cuptor pe gaz; Suprafa\u021ba de lucru: sec\u021bional\u0103; Putere: 40 kW; Parametri: 1000x1000x850 mm; Greutate (f\u0103r\u0103 ambalaj): 155 kg; \u021aara de origine: Turcia.<\/p>\n","protected":false},"featured_media":3060,"template":"","meta":[],"_links":{"self":[{"href":"https:\/\/evotek.md\/ro\/wp-json\/wp\/v2\/product\/3061"}],"collection":[{"href":"https:\/\/evotek.md\/ro\/wp-json\/wp\/v2\/product"}],"about":[{"href":"https:\/\/evotek.md\/ro\/wp-json\/wp\/v2\/types\/product"}],"wp:featuredmedia":[{"embeddable":true,"href":"https:\/\/evotek.md\/ro\/wp-json\/wp\/v2\/media\/3060"}],"wp:attachment":[{"href":"https:\/\/evotek.md\/ro\/wp-json\/wp\/v2\/media?parent=3061"}],"curies":[{"name":"wp","href":"https:\/\/api.w.org\/{rel}","templated":true}]}}