{"id":30596,"date":"2022-05-05T13:30:18","date_gmt":"2022-05-05T13:30:18","guid":{"rendered":"https:\/\/evotek.md\/produse\/fara-categorie\/foarcine-pentru-pasari-sanelli-1010-000\/"},"modified":"2022-05-10T08:56:58","modified_gmt":"2022-05-10T08:56:58","slug":"foarcine-pentru-pasari-sanelli-1010-000","status":"publish","type":"product","link":"https:\/\/evotek.md\/ro\/produse\/accesorii-si-inventar-bucatarie\/cutite-bucatarie\/foarcine-pentru-pasari-sanelli-1010-000\/","title":{"rendered":"FOARFECE PENTRU PASARI Sanelli-1010.000"},"content":{"rendered":"<p><strong>FOARFECE PENTRU PASARI Sanelli-1010.000<\/strong>&#8211; Foarfecele de buc\u0103t\u0103rie Sanelli Ambrogio sunt concepute pentru m\u0103cel\u0103rirea \u0219i felierea p\u0103s\u0103rilor de curte \u0219i a altor produse alimentare \u00een unit\u0103\u021bile de catering \u0219i comer\u021b, precum \u0219i \u00een case \u0219i apartamente private.<\/p>\n<p>Caracteristici<br \/>\nMaterial: otel inoxidabil o\u0163el<br \/>\nLatime: 250 mm<br \/>\nGreutate: 0,341 kg<br \/>\nTara de origine: Italia<\/p>\n","protected":false},"excerpt":{"rendered":"<p>Foarfece pentru pasari. Material: otel inoxidabil o\u0163el; Latime: 250 mm; Greutate: 0,341 kg; Tara de origine: Italia.<\/p>\n","protected":false},"featured_media":30595,"template":"","meta":[],"_links":{"self":[{"href":"https:\/\/evotek.md\/ro\/wp-json\/wp\/v2\/product\/30596"}],"collection":[{"href":"https:\/\/evotek.md\/ro\/wp-json\/wp\/v2\/product"}],"about":[{"href":"https:\/\/evotek.md\/ro\/wp-json\/wp\/v2\/types\/product"}],"wp:featuredmedia":[{"embeddable":true,"href":"https:\/\/evotek.md\/ro\/wp-json\/wp\/v2\/media\/30595"}],"wp:attachment":[{"href":"https:\/\/evotek.md\/ro\/wp-json\/wp\/v2\/media?parent=30596"}],"curies":[{"name":"wp","href":"https:\/\/api.w.org\/{rel}","templated":true}]}}