{"id":30582,"date":"2022-05-05T13:06:11","date_gmt":"2022-05-05T13:06:11","guid":{"rendered":"https:\/\/evotek.md\/produse\/fara-categorie\/cuit-pentru-bucatar-16-cm-sanelli-t349-016g\/"},"modified":"2022-05-05T13:06:11","modified_gmt":"2022-05-05T13:06:11","slug":"cuit-pentru-bucatar-16-cm-sanelli-t349-016g","status":"publish","type":"product","link":"https:\/\/evotek.md\/ro\/produse\/accesorii-si-inventar-bucatarie\/cutite-bucatarie\/cuit-pentru-bucatar-16-cm-sanelli-t349-016g\/","title":{"rendered":"CUIT PENTRU BUCATAR 16 cm Sanelli-T349.016G"},"content":{"rendered":"<p><strong>CUIT PENTRU BUCATAR 16 cm Sanelli-T349.016G-<\/strong><\/p>\n<p>O linie inovatoare de cu\u021bite profesionale cu m\u00e2nere din dou\u0103 materiale diferite \u0219i lame din o\u021bel inoxidabil special NITRO-B cu azot (1.4916).<\/p>\n<p>Acest nou m\u00e2ner are un miez de polipropilen\u0103 lipit ferm de o\u021bel inoxidabil, acoperit cu un strat gros de SEBS mai moale. Cele dou\u0103 p\u0103r\u021bi sunt turnate \u00eempreun\u0103 pentru a forma un m\u00e2ner perfect puternic, iar stratul exterior gri are puncte ergonomice \u00een relief pentru propriet\u0103\u021bi anti-alunecare \u00eembun\u0103t\u0103\u021bite, pentru confort \u0219i eficien\u021b\u0103 maxim\u0103.<\/p>\n<p>Toate materialele sunt non-toxice, sterilizabile, pot fi sp\u0103late \u00een ma\u0219in\u0103 de sp\u0103lat vase, rezistente la temperaturi \u00eenalte \u0219i sc\u0103zute \u0219i respect\u0103 cele mai recente reglement\u0103ri UE pentru articolele destinate s\u0103 intre \u00een contact cu alimentele.<\/p>\n","protected":false},"excerpt":{"rendered":"<p>Cutit pentru sef-bucatar 16 cm.<\/p>\n","protected":false},"featured_media":30581,"template":"","meta":[],"_links":{"self":[{"href":"https:\/\/evotek.md\/ro\/wp-json\/wp\/v2\/product\/30582"}],"collection":[{"href":"https:\/\/evotek.md\/ro\/wp-json\/wp\/v2\/product"}],"about":[{"href":"https:\/\/evotek.md\/ro\/wp-json\/wp\/v2\/types\/product"}],"wp:featuredmedia":[{"embeddable":true,"href":"https:\/\/evotek.md\/ro\/wp-json\/wp\/v2\/media\/30581"}],"wp:attachment":[{"href":"https:\/\/evotek.md\/ro\/wp-json\/wp\/v2\/media?parent=30582"}],"curies":[{"name":"wp","href":"https:\/\/api.w.org\/{rel}","templated":true}]}}