{"id":30578,"date":"2022-05-05T12:56:15","date_gmt":"2022-05-05T12:56:15","guid":{"rendered":"https:\/\/evotek.md\/produse\/fara-categorie\/cutit-pentru-legume-7-cm-verde-sanelli-t691-007g\/"},"modified":"2022-05-05T12:56:15","modified_gmt":"2022-05-05T12:56:15","slug":"cutit-pentru-legume-7-cm-verde-sanelli-t691-007g","status":"publish","type":"product","link":"https:\/\/evotek.md\/ro\/produse\/accesorii-si-inventar-bucatarie\/cutite-bucatarie\/cutit-pentru-legume-7-cm-verde-sanelli-t691-007g\/","title":{"rendered":"CUTIT PENTRU LEGUME 7 cm VERDE Sanelli-T691.007G"},"content":{"rendered":"<p><strong>CUTIT PENTRU LEGUME 7 cm VERDE Sanelli-T691.007G-<\/strong> Partea exterioar\u0103 a m\u00e2nerului din cauciuc termoplastic este mai moale \u0219i are microsfere la suprafa\u021b\u0103 care \u00eei sporesc propriet\u0103\u021bile anti-alunecare.<br \/>\nPartea interioar\u0103, \u00een schimb, este realizat\u0103 din plastic nedeformabil \u0219i este perfect legat\u0103 de tija de o\u021bel.<br \/>\nLama periat\u0103 este fabricat\u0103 din o\u021bel crom-molibden-vanadiu X50CrMoV15.<br \/>\nAscutire finala a fiecarui detaliu cu control laser al profilului.<br \/>\nMarcare laser precis\u0103 \u0219i de ne\u0219ters cu codul produsului \u0219i num\u0103rul lotului.<br \/>\nMaterialele folosite sunt potabile la ma\u0219ina de sp\u0103lat vase, rezistente la temperaturi sc\u0103zute \u0219i ridicate \u0219i respect\u0103 cele mai recente reglement\u0103ri de igien\u0103 alimentar\u0103.<\/p>\n<p>Caracteristici<br \/>\nLungime: 7 cm<br \/>\nTipologie: Legume<br \/>\nMaterial produs: o\u021bel inoxidabil<\/p>\n","protected":false},"excerpt":{"rendered":"<p>Cutit pentru legume, verde, lama de 7 cm. Tipologie: Legume; Material produs: o\u021bel inoxidabil.<\/p>\n","protected":false},"featured_media":30577,"template":"","meta":[],"_links":{"self":[{"href":"https:\/\/evotek.md\/ro\/wp-json\/wp\/v2\/product\/30578"}],"collection":[{"href":"https:\/\/evotek.md\/ro\/wp-json\/wp\/v2\/product"}],"about":[{"href":"https:\/\/evotek.md\/ro\/wp-json\/wp\/v2\/types\/product"}],"wp:featuredmedia":[{"embeddable":true,"href":"https:\/\/evotek.md\/ro\/wp-json\/wp\/v2\/media\/30577"}],"wp:attachment":[{"href":"https:\/\/evotek.md\/ro\/wp-json\/wp\/v2\/media?parent=30578"}],"curies":[{"name":"wp","href":"https:\/\/api.w.org\/{rel}","templated":true}]}}