{"id":30568,"date":"2022-05-05T12:17:19","date_gmt":"2022-05-05T12:17:19","guid":{"rendered":"https:\/\/evotek.md\/produse\/fara-categorie\/cutit-pentru-paine-18-cm-sanelli-s371-018\/"},"modified":"2022-05-05T12:17:19","modified_gmt":"2022-05-05T12:17:19","slug":"cutit-pentru-paine-18-cm-sanelli-s371-018","status":"publish","type":"product","link":"https:\/\/evotek.md\/ro\/produse\/accesorii-si-inventar-bucatarie\/cutite-bucatarie\/cutit-pentru-paine-18-cm-sanelli-s371-018\/","title":{"rendered":"CUTIT PENTRU PAINE 18 cm Sanelli-S371.018"},"content":{"rendered":"<p><strong>CUTIT PENTRU PAINE 18 cm Sanelli-S371.018-<\/strong> Cu\u021bit p\u00e2ine Supra S371.018 18 cm fabricat de Ambrogio Sanelli (Italia) este folosit pentru t\u0103ierea p\u00e2inii \u0219i a produselor de panifica\u021bie. Potrivit pentru unit\u0103\u021bi de catering de diferite formate, cafenele, restaurante \u0219i uz casnic.<br \/>\nLama cu\u021bitului este fabricat\u0103 din o\u021bel inoxidabil Nitro-B. Manerul este din plastic. Poate fi spalat in masina de spalat vase.<\/p>\n<p>Caracteristici<br \/>\nLungime: 180 mm<br \/>\nCuloare neagra<br \/>\nSeria: Supra<br \/>\nMarginea lamei ondulate<br \/>\nMaterial maner: plastic<br \/>\nMaterial lamei: otel inoxidabil<\/p>\n","protected":false},"excerpt":{"rendered":"<p>Cutit pentru paie 18 cm. Lungime: 180 mm; Culoare neagra; Seria: Supra; Marginea lamei ondulate; Material maner: plastic; Material lamei: otel inoxidabil.<\/p>\n","protected":false},"featured_media":30567,"template":"","meta":[],"_links":{"self":[{"href":"https:\/\/evotek.md\/ro\/wp-json\/wp\/v2\/product\/30568"}],"collection":[{"href":"https:\/\/evotek.md\/ro\/wp-json\/wp\/v2\/product"}],"about":[{"href":"https:\/\/evotek.md\/ro\/wp-json\/wp\/v2\/types\/product"}],"wp:featuredmedia":[{"embeddable":true,"href":"https:\/\/evotek.md\/ro\/wp-json\/wp\/v2\/media\/30567"}],"wp:attachment":[{"href":"https:\/\/evotek.md\/ro\/wp-json\/wp\/v2\/media?parent=30568"}],"curies":[{"name":"wp","href":"https:\/\/api.w.org\/{rel}","templated":true}]}}