{"id":30561,"date":"2022-05-05T12:07:53","date_gmt":"2022-05-05T12:07:53","guid":{"rendered":"https:\/\/evotek.md\/produse\/fara-categorie\/cutit-pentru-cascaval-lama-decalabila-17-cm-sanelli-s245-017\/"},"modified":"2022-05-05T12:07:53","modified_gmt":"2022-05-05T12:07:53","slug":"cutit-pentru-cascaval-lama-decalabila-17-cm-sanelli-s245-017","status":"publish","type":"product","link":"https:\/\/evotek.md\/ro\/produse\/accesorii-si-inventar-bucatarie\/cutite-bucatarie\/cutit-pentru-cascaval-lama-decalabila-17-cm-sanelli-s245-017\/","title":{"rendered":"CUTIT PENTRU CASCAVAL, LAMA DECALABILA 17 cm Sanelli-S245.017"},"content":{"rendered":"<p><strong>CUTIT PENTRU CASCAVAL, LAMA DECALABILA 17 cm Sanelli-S245.017-<\/strong> Cu\u021bitele Supra sunt special concepute pentru uz profesional: lame de \u00eenalt\u0103 calitate din o\u021bel inoxidabil special NITRO-B cu azot (1.4916) \u0219i apoi combinate cu m\u00e2nere ergonomice SEBS. toate materialele<br \/>\nsunt sterilizabile, foarte rezistente la impact, agen\u021bi corozivi \u0219i temperaturi ridicate \u0219i respect\u0103 reglement\u0103rile UE de igien\u0103 alimentar\u0103.<\/p>\n<p>O gam\u0103 larg\u0103 de produse, combinat\u0103 cu utilizarea \u00een siguran\u021b\u0103, forme func\u021bionale \u0219i design exclusiv, fac din cu\u021bitele Supra instrumente de lucru indispensabile pentru buc\u0103tari, m\u0103celari \u0219i to\u021bi ceilal\u021bi utilizatori profesioni\u0219ti.<\/p>\n","protected":false},"excerpt":{"rendered":"<p>Cutit pentru cascaval, lama decalabila 17 cm.<\/p>\n","protected":false},"featured_media":30560,"template":"","meta":[],"_links":{"self":[{"href":"https:\/\/evotek.md\/ro\/wp-json\/wp\/v2\/product\/30561"}],"collection":[{"href":"https:\/\/evotek.md\/ro\/wp-json\/wp\/v2\/product"}],"about":[{"href":"https:\/\/evotek.md\/ro\/wp-json\/wp\/v2\/types\/product"}],"wp:featuredmedia":[{"embeddable":true,"href":"https:\/\/evotek.md\/ro\/wp-json\/wp\/v2\/media\/30560"}],"wp:attachment":[{"href":"https:\/\/evotek.md\/ro\/wp-json\/wp\/v2\/media?parent=30561"}],"curies":[{"name":"wp","href":"https:\/\/api.w.org\/{rel}","templated":true}]}}