{"id":3056,"date":"2020-02-26T13:38:30","date_gmt":"2020-02-26T13:40:32","guid":{"rendered":"https:\/\/evotek.md\/?post_type=product&#038;p=3056"},"modified":"2023-01-17T10:07:57","modified_gmt":"2023-01-17T10:07:57","slug":"plita-electrica-empero-emp-7kg020","status":"publish","type":"product","link":"https:\/\/evotek.md\/ro\/produse\/echipamente-termice\/plite-de-gaz\/plita-electrica-empero-emp-7kg020\/","title":{"rendered":"PLITA PE GAZ CU 4 ARZATOARE -EMP. 7KG020"},"content":{"rendered":"<p><strong>PLITA PE GAZ CU 4 ARZATOARE -EMP. 7KG020<\/strong>&#8211;\u00a0 Plit\u0103 pe gaz este folosit\u0103 \u00een \u00eentreprinderile de alimenta\u021bie public\u0103 \u0219i comer\u021b pentru a preg\u0103ti o gam\u0103 larg\u0103 de bucate. Carcasa este din inox, grilele sunt din font\u0103.<\/p>\n<p>Facilit\u0103\u021bi: Poate lucra at\u00e2t pe lichefiat, c\u00e2t \u0219i pe gaz natural; Robinete magnetice de siguran\u021b\u0103 \u0219i termocuple; Igienic \u0219i u\u0219or de cur\u0103\u021bat.<\/p>\n<p>Caracteristici<\/p>\n<p>Instalare: mas\u0103<\/p>\n<p>Suprafa\u021ba de lucru: sec\u021bional\u0103<\/p>\n<p>Num\u0103rul de arz\u0103toare: 4<\/p>\n<p>Putere: 23 kW<\/p>\n<p>Parametri: 800x730x285 mm<\/p>\n<p>Greutate (neambalat): 49 kg<\/p>\n<p>Consumul de gaz natural: 2,42 m3 \/ h<\/p>\n<p>Consumul de gaz lichefiat: 1,8 kg \/ h<\/p>\n<p>\u021aara de origine: Turcia<\/p>\n<p>&nbsp;<\/p>\n<p>&nbsp;<\/p>\n<p>&nbsp;<\/p>\n","protected":false},"excerpt":{"rendered":"<p>Plit\u0103 pe gaz cu 4 arz\u0103toare. Instalare: mas\u0103; Suprafa\u021ba de lucru: sec\u021bional\u0103; Num\u0103rul de arz\u0103toare: 4; Putere: 23 kW; Parametri: 800x730x285 mm; Consumul de gaz natural: 2,42 m3 \/ h; Consumul de gaz lichefiat: 1,8 kg \/ h; \u021aara de origine: Turcia.<\/p>\n<p>&nbsp;<\/p>\n<p>&nbsp;<\/p>\n","protected":false},"featured_media":3055,"template":"","meta":[],"_links":{"self":[{"href":"https:\/\/evotek.md\/ro\/wp-json\/wp\/v2\/product\/3056"}],"collection":[{"href":"https:\/\/evotek.md\/ro\/wp-json\/wp\/v2\/product"}],"about":[{"href":"https:\/\/evotek.md\/ro\/wp-json\/wp\/v2\/types\/product"}],"wp:featuredmedia":[{"embeddable":true,"href":"https:\/\/evotek.md\/ro\/wp-json\/wp\/v2\/media\/3055"}],"wp:attachment":[{"href":"https:\/\/evotek.md\/ro\/wp-json\/wp\/v2\/media?parent=3056"}],"curies":[{"name":"wp","href":"https:\/\/api.w.org\/{rel}","templated":true}]}}