{"id":30522,"date":"2022-05-05T10:49:04","date_gmt":"2022-05-05T10:49:04","guid":{"rendered":"https:\/\/evotek.md\/produse\/fara-categorie\/musat-cromat-20-cm-s018-020\/"},"modified":"2022-05-05T10:49:04","modified_gmt":"2022-05-05T10:49:04","slug":"musat-cromat-20-cm-s018-020","status":"publish","type":"product","link":"https:\/\/evotek.md\/ro\/produse\/accesorii-si-inventar-bucatarie\/cutite-bucatarie\/musat-cromat-20-cm-s018-020\/","title":{"rendered":"MUSAT CROMAT 20 cm -S018.020"},"content":{"rendered":"<p><strong>MUSAT CROMAT 20 cm -S018.020-<\/strong> Musat este un dispozitiv special de ascu\u021bit pentru a se asigura c\u0103 cu\u021bitele de buc\u0103t\u0103rie sunt \u00eentotdeauna ascu\u021bite \u0219i de \u00eencredere, abia atunci cu ajutorul lor se vor putea preg\u0103ti adev\u0103rate capodopere culinare.<\/p>\n<p>Caracteristici<br \/>\nLungime: 20 cm<br \/>\nPoate fi spalat in masina de spalat vase<br \/>\nMaterial maner: polipropilena<br \/>\nMaterial piesa de lucru: otel<\/p>\n","protected":false},"excerpt":{"rendered":"<p>Musat cromat\/ <span style=\"font-size: 14.4px\">ascutitor de cutite 20 cm. Poate fi spalat in masina de spalat vase; Material maner: polipropilena; Material piesa de lucru: otel.<\/span><\/p>\n","protected":false},"featured_media":30518,"template":"","meta":[],"_links":{"self":[{"href":"https:\/\/evotek.md\/ro\/wp-json\/wp\/v2\/product\/30522"}],"collection":[{"href":"https:\/\/evotek.md\/ro\/wp-json\/wp\/v2\/product"}],"about":[{"href":"https:\/\/evotek.md\/ro\/wp-json\/wp\/v2\/types\/product"}],"wp:featuredmedia":[{"embeddable":true,"href":"https:\/\/evotek.md\/ro\/wp-json\/wp\/v2\/media\/30518"}],"wp:attachment":[{"href":"https:\/\/evotek.md\/ro\/wp-json\/wp\/v2\/media?parent=30522"}],"curies":[{"name":"wp","href":"https:\/\/api.w.org\/{rel}","templated":true}]}}