{"id":30519,"date":"2022-05-05T10:41:21","date_gmt":"2022-05-05T10:41:21","guid":{"rendered":"https:\/\/evotek.md\/produse\/fara-categorie\/musat-pentru-ascutit-cutite-musat-20-cm-s016-020\/"},"modified":"2023-02-06T13:29:53","modified_gmt":"2023-02-06T13:29:53","slug":"musat-pentru-ascutit-cutite-musat-20-cm-s016-020","status":"publish","type":"product","link":"https:\/\/evotek.md\/ro\/produse\/accesorii-si-inventar-bucatarie\/cutite-bucatarie\/musat-pentru-ascutit-cutite-musat-20-cm-s016-020\/","title":{"rendered":"MUSAT 20 cm -S016.020"},"content":{"rendered":"<p><strong>MUSAT 20 cm -S016.020-<\/strong> Instrument pentru \u00eendep\u0103rtarea denivel\u0103rilor de la t\u0103ierea cu\u021bitelor de buc\u0103t\u0103rie. Tija rotund\u0103 cu o crest\u0103tur\u0103 longitudinal\u0103, are un m\u00e2ner pentru u\u0219urin\u021ba \u00een utilizare.<\/p>\n<p>Caracteristici<\/p>\n<p>Lungime: 200 mm<\/p>\n<p>Se spal\u0103 \u00een ma\u0219ina de spalat vase<\/p>\n","protected":false},"excerpt":{"rendered":"<div class=\"product-short-description\">\n<p>Pil\u0103 pentru ascu\u021bit cu\u021bite \/ musat. Lungime: 20 cm; Se spal\u0103 \u00een ma\u0219ina de spalat vase.<\/p>\n<\/div>\n","protected":false},"featured_media":30518,"template":"","meta":[],"_links":{"self":[{"href":"https:\/\/evotek.md\/ro\/wp-json\/wp\/v2\/product\/30519"}],"collection":[{"href":"https:\/\/evotek.md\/ro\/wp-json\/wp\/v2\/product"}],"about":[{"href":"https:\/\/evotek.md\/ro\/wp-json\/wp\/v2\/types\/product"}],"wp:featuredmedia":[{"embeddable":true,"href":"https:\/\/evotek.md\/ro\/wp-json\/wp\/v2\/media\/30518"}],"wp:attachment":[{"href":"https:\/\/evotek.md\/ro\/wp-json\/wp\/v2\/media?parent=30519"}],"curies":[{"name":"wp","href":"https:\/\/api.w.org\/{rel}","templated":true}]}}