{"id":30514,"date":"2022-05-05T10:29:09","date_gmt":"2022-05-05T10:29:09","guid":{"rendered":"https:\/\/evotek.md\/produse\/fara-categorie\/pahar-pentru-accesorii-de-bucatarie-pentru-suport-magnetic-sanelli-1964-000\/"},"modified":"2022-05-05T10:29:09","modified_gmt":"2022-05-05T10:29:09","slug":"pahar-pentru-accesorii-de-bucatarie-pentru-suport-magnetic-sanelli-1964-000","status":"publish","type":"product","link":"https:\/\/evotek.md\/ro\/produse\/accesorii-si-inventar-bucatarie\/accesorii-pentru-bar\/pahar-pentru-accesorii-de-bucatarie-pentru-suport-magnetic-sanelli-1964-000\/","title":{"rendered":"PAHAR PENTRU ACCESORII DE BUCATARIE PENTRU SUPORT MAGNETIC Sanelli-1964.000"},"content":{"rendered":"<p><strong>PAHAR PENTRU ACCESORII DE BUCATARIE PENTRU SUPORT MAGNETIC Sanelli-1964.000<\/strong><br \/>\nBolul verde pentru accesorii se aga\u021b\u0103 la suportul magnetic pentru cu\u021bite, \u0219i este perfect pentru utilizare \u00een buc\u0103t\u0103rie pentru \u0219erve\u021bele, accesorii \u0219i alte ustensile.<\/p>\n","protected":false},"excerpt":{"rendered":"<p>Pahar verde pentru accesorii de bucatarie, pentru suport magnetic de cutite.<\/p>\n","protected":false},"featured_media":30511,"template":"","meta":[],"_links":{"self":[{"href":"https:\/\/evotek.md\/ro\/wp-json\/wp\/v2\/product\/30514"}],"collection":[{"href":"https:\/\/evotek.md\/ro\/wp-json\/wp\/v2\/product"}],"about":[{"href":"https:\/\/evotek.md\/ro\/wp-json\/wp\/v2\/types\/product"}],"wp:featuredmedia":[{"embeddable":true,"href":"https:\/\/evotek.md\/ro\/wp-json\/wp\/v2\/media\/30511"}],"wp:attachment":[{"href":"https:\/\/evotek.md\/ro\/wp-json\/wp\/v2\/media?parent=30514"}],"curies":[{"name":"wp","href":"https:\/\/api.w.org\/{rel}","templated":true}]}}