{"id":3046,"date":"2020-02-26T13:23:43","date_gmt":"2020-02-26T13:25:32","guid":{"rendered":"https:\/\/evotek.md\/?post_type=product&#038;p=3046"},"modified":"2023-01-17T13:30:36","modified_gmt":"2023-01-17T13:30:36","slug":"plita-electrica-empero-emp-pls-7ke010","status":"publish","type":"product","link":"https:\/\/evotek.md\/ro\/produse\/echipamente-termice\/plite-electrice\/plita-electrica-empero-emp-pls-7ke010\/","title":{"rendered":"PLITA ELECTRICA CU 2 ARZATOARE -EMP.PLS.7KE010"},"content":{"rendered":"<p><strong>PLITA ELECTRICA CU 2 ARZATOARE -EMP.PLS.7KE010<\/strong>&#8211;\u00a0 Plita electric\u0103 este folosit\u0103 \u00een \u00eentreprinderile de alimenta\u021bie public\u0103 \u0219i comer\u021b pentru a preg\u0103ti o gam\u0103 larg\u0103 de bucate. Modelul este echipat cu 2 regulatoare de temperatur\u0103, fiecare av\u00e2nd 6 pozi\u021bii. Carcasa este din inox. Igienic \u0219i u\u0219or de cur\u0103\u021bat. Sec\u021biunea cablurilor: 3&#215;2.5 mm.<\/p>\n<p>Caracteristici<\/p>\n<p>Instalare: mas\u0103<\/p>\n<p>Num\u0103rul de arz\u0103toare: 2<\/p>\n<p>Tensiune: 220 V<\/p>\n<p>Putere: 4.5 kW<\/p>\n<p>Parametri: 400x730x300 mm<\/p>\n<p>Greutate (neambalat): 37 kg<\/p>\n<p>\u021aara de origine: Turcia<\/p>\n<p>&nbsp;<\/p>\n","protected":false},"excerpt":{"rendered":"<p>Plit\u0103 electric\u0103 cu 2 arz\u0103toare. Instalare: mas\u0103; Num\u0103rul de arz\u0103toare: 2; Tensiune: 220 V; Putere: 4.5 kW; Parametri: 400x730x300 mm; Greutate (neambalat): 37 kg; \u021aara de origine: Turcia.<\/p>\n<p>&nbsp;<\/p>\n","protected":false},"featured_media":3045,"template":"","meta":[],"_links":{"self":[{"href":"https:\/\/evotek.md\/ro\/wp-json\/wp\/v2\/product\/3046"}],"collection":[{"href":"https:\/\/evotek.md\/ro\/wp-json\/wp\/v2\/product"}],"about":[{"href":"https:\/\/evotek.md\/ro\/wp-json\/wp\/v2\/types\/product"}],"wp:featuredmedia":[{"embeddable":true,"href":"https:\/\/evotek.md\/ro\/wp-json\/wp\/v2\/media\/3045"}],"wp:attachment":[{"href":"https:\/\/evotek.md\/ro\/wp-json\/wp\/v2\/media?parent=3046"}],"curies":[{"name":"wp","href":"https:\/\/api.w.org\/{rel}","templated":true}]}}