{"id":3041,"date":"2020-02-26T13:15:29","date_gmt":"2020-02-26T13:17:13","guid":{"rendered":"https:\/\/evotek.md\/?post_type=product&#038;p=3041"},"modified":"2023-01-17T13:31:27","modified_gmt":"2023-01-17T13:31:27","slug":"plita-electrica-empero-emp-pls-7ke020","status":"publish","type":"product","link":"https:\/\/evotek.md\/ro\/produse\/echipamente-termice\/plite-electrice\/plita-electrica-empero-emp-pls-7ke020\/","title":{"rendered":"PLITA ELECTRICA CU 4 ARZATOARE -EMP.PLS.7KE020"},"content":{"rendered":"<p><strong>PLITA ELECTRICA CU 4 ARZATOARE -EMP.PLS.7KE020<\/strong>&#8211;\u00a0 Plita electric\u0103 este folosit\u0103 \u00een \u00eentreprinderile de alimenta\u021bie public\u0103 \u0219i comer\u021b pentru a preg\u0103ti o gam\u0103 larg\u0103 de bucate. Modelul este echipat cu 4 regulatoare de temperatur\u0103, fiecare av\u00e2nd 6 pozi\u021bii. Carcasa este din inox. Igienic \u0219i u\u0219or de cur\u0103\u021bat. Sec\u021biunea cablurilor: 5&#215;2.5 mm.<\/p>\n<p>Caracteristici<\/p>\n<p>Instalare: mas\u0103<\/p>\n<p>Num\u0103rul de arz\u0103toare: 4<\/p>\n<p>Tensiune: 380 V<\/p>\n<p>Putere: 9 kW<\/p>\n<p>Parametri: 800x730x300 mm<\/p>\n<p>Greutate (neambalat): 65 kg<\/p>\n<p>\u021aara de origine: Turcia<\/p>\n<p>&nbsp;<\/p>\n<p>&nbsp;<\/p>\n","protected":false},"excerpt":{"rendered":"<p>Plit\u0103 electric\u0103 cu 4 arz\u0103toare. Instalare: mas\u0103; Tensiune: 380 V; Putere: 9 kW; Parametri: 800x730x300 mm; Greutate (neambalat): 65 kg, \u021aara de origine: Turcia.<\/p>\n<p>&nbsp;<\/p>\n<p>&nbsp;<\/p>\n","protected":false},"featured_media":3040,"template":"","meta":[],"_links":{"self":[{"href":"https:\/\/evotek.md\/ro\/wp-json\/wp\/v2\/product\/3041"}],"collection":[{"href":"https:\/\/evotek.md\/ro\/wp-json\/wp\/v2\/product"}],"about":[{"href":"https:\/\/evotek.md\/ro\/wp-json\/wp\/v2\/types\/product"}],"wp:featuredmedia":[{"embeddable":true,"href":"https:\/\/evotek.md\/ro\/wp-json\/wp\/v2\/media\/3040"}],"wp:attachment":[{"href":"https:\/\/evotek.md\/ro\/wp-json\/wp\/v2\/media?parent=3041"}],"curies":[{"name":"wp","href":"https:\/\/api.w.org\/{rel}","templated":true}]}}