{"id":30357,"date":"2022-04-26T13:25:25","date_gmt":"2022-04-26T13:25:25","guid":{"rendered":"https:\/\/evotek.md\/produse\/fara-categorie\/tava-de-copt-rs1-1-8-oa01-0032\/"},"modified":"2022-04-26T13:25:25","modified_gmt":"2022-04-26T13:25:25","slug":"tava-de-copt-rs1-1-8-oa01-0032","status":"publish","type":"product","link":"https:\/\/evotek.md\/ro\/produse\/accesorii-si-inventar-bucatarie\/tave-si-accesorii-pentru-cuptoare\/tava-de-copt-rs1-1-8-oa01-0032\/","title":{"rendered":"TAVA DE COPT RS1\/1-8 -OA01-0032"},"content":{"rendered":"<p><strong>TAVA DE COPT RS1\/1-8 -OA01-0032 &#8211;<\/strong> Tav\u0103 de copt acoperit\u0103 cu teflon, potrivit\u0103 pentru omlet\u0103, cl\u0103tite, briose, cartofi pr\u0103ji\u021bi \u0219i chipsuri de cantit\u0103\u021bi mari de porumb sau orez.<\/p>\n<p>Caracteristici<br \/>\nDimensiuni: GN1\/1 (530x325mm)<br \/>\nCapacitatea formelor pe o foaie de copt &#8211; 8<\/p>\n","protected":false},"excerpt":{"rendered":"<p>Tava de copt Retigo. Dimensiuni: GN1\/1 (530x325mm); Capacitatea formelor pe o foaie de copt &#8211; 8.<\/p>\n","protected":false},"featured_media":30356,"template":"","meta":[],"_links":{"self":[{"href":"https:\/\/evotek.md\/ro\/wp-json\/wp\/v2\/product\/30357"}],"collection":[{"href":"https:\/\/evotek.md\/ro\/wp-json\/wp\/v2\/product"}],"about":[{"href":"https:\/\/evotek.md\/ro\/wp-json\/wp\/v2\/types\/product"}],"wp:featuredmedia":[{"embeddable":true,"href":"https:\/\/evotek.md\/ro\/wp-json\/wp\/v2\/media\/30356"}],"wp:attachment":[{"href":"https:\/\/evotek.md\/ro\/wp-json\/wp\/v2\/media?parent=30357"}],"curies":[{"name":"wp","href":"https:\/\/api.w.org\/{rel}","templated":true}]}}