{"id":30294,"date":"2022-04-19T09:32:26","date_gmt":"2022-04-19T09:32:26","guid":{"rendered":"https:\/\/evotek.md\/produse\/fara-categorie\/sonda-termica-usb-sous-vide-retigo-oa08-0001\/"},"modified":"2022-04-19T09:57:12","modified_gmt":"2022-04-19T09:57:12","slug":"sonda-termica-usb-sous-vide-retigo-oa08-0001","status":"publish","type":"product","link":"https:\/\/evotek.md\/ro\/produse\/accesorii-si-inventar-bucatarie\/tave-si-accesorii-pentru-cuptoare\/kituri-optionale\/sonda-termica-usb-sous-vide-retigo-oa08-0001\/","title":{"rendered":"SONDA TERMICA USB SOUS-VIDE RETIGO -OA08-0001"},"content":{"rendered":"<div><strong>SONDA TERMICA USB SOUS-VIDE RETIGO -OA08-0001<\/strong>&#8211; Sonda de temperatura de interior Retigo pentru Sous Vide<\/div>\n<div>Conecta\u021bi-v\u0103 la un port USB extern \u0219i rula\u021bi programe sous vide gata f\u0103cute \u00een cuptorul cu abur Retigo Blue vision.<\/div>\n<div><\/div>\n<div><\/div>\n","protected":false},"excerpt":{"rendered":"<p><strong>Sonda termica USB sous-vide.<\/strong> Sond\u0103 de temperatur\u0103 de interior special conceput\u0103 pentru g\u0103titul sous vide.<\/p>\n","protected":false},"featured_media":30293,"template":"","meta":[],"_links":{"self":[{"href":"https:\/\/evotek.md\/ro\/wp-json\/wp\/v2\/product\/30294"}],"collection":[{"href":"https:\/\/evotek.md\/ro\/wp-json\/wp\/v2\/product"}],"about":[{"href":"https:\/\/evotek.md\/ro\/wp-json\/wp\/v2\/types\/product"}],"wp:featuredmedia":[{"embeddable":true,"href":"https:\/\/evotek.md\/ro\/wp-json\/wp\/v2\/media\/30293"}],"wp:attachment":[{"href":"https:\/\/evotek.md\/ro\/wp-json\/wp\/v2\/media?parent=30294"}],"curies":[{"name":"wp","href":"https:\/\/api.w.org\/{rel}","templated":true}]}}