{"id":3029,"date":"2020-02-25T14:43:30","date_gmt":"2020-02-25T14:43:30","guid":{"rendered":"https:\/\/evotek.md\/?post_type=product&#038;p=3029"},"modified":"2021-06-18T12:52:46","modified_gmt":"2021-06-18T12:52:46","slug":"cuptor-cu-abur-tecnoeka-ekf-1011-ctc-2","status":"publish","type":"product","link":"https:\/\/evotek.md\/ro\/produse\/echipamente-termice\/cuptoare-cu-abur-2-teplovoe-oborudovanie\/cuptor-cu-abur-tecnoeka-ekf-1011-ctc-2\/","title":{"rendered":"CUPTOR CU ABUR Tecnoeka, 10 NIVELE -EKF 1011 CTC"},"content":{"rendered":"<p><strong>CUPTOR CU ABUR Tecnoeka, 10 NIVELE -EKF 1011 CTC &#8211; <\/strong>Cuptorul este conceput pentru prepararea unei game largi de feluri de m\u00e2ncare: carne, pe\u0219te, fructe de mare, legume \u0219i produse coapte la unit\u0103\u021bile de alimenta\u021bie public\u0103 \u0219i \u00een atelierele de produc\u021bie, a c\u0103ror activitate este asociat\u0103 cu produc\u021bia de produse gastronomice. Dispozitivul permite preg\u0103tirea mai multor preparate simultan, f\u0103r\u0103 a le amesteca mirosurile \u0219i gusturile.<\/p>\n<p>Facilit\u0103\u021bi: 500 de re\u021bete programabile, inclusiv 40 de presetate (p\u00e2n\u0103 la 10 etape de g\u0103tit \u00eentr-un ciclu); Buton pentru acces rapid la re\u021bete frecvente; Func\u021bia aburire cu control automat al umidit\u0103\u021bii; Func\u021bia \u201ePornire cu \u00eent\u00e2rziere\u201d p\u00e2n\u0103 la 24 de ore; Portul USB v\u0103 permite s\u0103 desc\u0103rca\u021bi \u0219i s\u0103 \u00eenc\u0103rca\u021bi re\u021bete \u00een vaporizatorul combi, precum \u0219i s\u0103 desc\u0103rca\u021bi datele HACCP; Nivel de protec\u021bie: IPX5.<\/p>\n<p><strong>*Pentru a beneficia de garan\u021bie este obligatoriu de a fi instalat filtru DVA pentru acest echipament.<\/strong><\/p>\n<p>Caracteristici<\/p>\n<p>Conexiune: 380 V<\/p>\n<p>Num\u0103r de nivele: 10<\/p>\n<p>Distan\u021ba dintre nivele: 68 mm<\/p>\n<p>Tipul de recipient gastronomic: GN 1\/1<\/p>\n<p>Panou de control: electronic<\/p>\n<p>Metoda de generare a aburului: injector<\/p>\n<p>Stare de temperatur\u0103: de la 30 la 270 \u00b0 \u0421<\/p>\n<p>Putere: 15,4 kW<\/p>\n<p>Parametri: 500x930x970 mm<\/p>\n<p>Greutate: 95.2 kg<\/p>\n<p>\u021aara de origine: Italia<\/p>\n<p>&nbsp;<\/p>\n<p>&nbsp;<\/p>\n","protected":false},"excerpt":{"rendered":"<p>Cuptor cu abur, cu 10 nivele. Conexiune: 380 V; Distan\u021ba dintre nivele: 68 mm; Tipul de recipient gastronomic: GN 1\/1; Panou de control: electronic; Metoda de generare a aburului: injector; Stare de temperatur\u0103: de la 30 la 270 \u00b0 \u0421; Putere: 15,4 kW; Parametri: 500x930x970 mm; Greutate: 95.2 kg; \u021aara de origine: Italia.<\/p>\n<p><strong>*T\u0103vile GN \u0219i t\u0103vile pentru patiserie nu sunt incluse \u00een set.<\/strong><br \/>\n<strong>*Recomand\u0103m instalarea adi\u021bional\u0103 a unui filtru DVA pentru o bun\u0103 func\u021bionare a cuptorului.<\/strong><\/p>\n","protected":false},"featured_media":3028,"template":"","meta":[],"_links":{"self":[{"href":"https:\/\/evotek.md\/ro\/wp-json\/wp\/v2\/product\/3029"}],"collection":[{"href":"https:\/\/evotek.md\/ro\/wp-json\/wp\/v2\/product"}],"about":[{"href":"https:\/\/evotek.md\/ro\/wp-json\/wp\/v2\/types\/product"}],"wp:featuredmedia":[{"embeddable":true,"href":"https:\/\/evotek.md\/ro\/wp-json\/wp\/v2\/media\/3028"}],"wp:attachment":[{"href":"https:\/\/evotek.md\/ro\/wp-json\/wp\/v2\/media?parent=3029"}],"curies":[{"name":"wp","href":"https:\/\/api.w.org\/{rel}","templated":true}]}}