{"id":30289,"date":"2022-04-19T09:09:35","date_gmt":"2022-04-19T09:09:35","guid":{"rendered":"https:\/\/evotek.md\/produse\/fara-categorie\/generator-de-fum-smoker-retigo-vision-oa07-0001\/"},"modified":"2022-04-19T09:16:23","modified_gmt":"2022-04-19T09:16:23","slug":"generator-de-fum-smoker-retigo-vision-oa07-0001","status":"publish","type":"product","link":"https:\/\/evotek.md\/ro\/produse\/accesorii-si-inventar-bucatarie\/tave-si-accesorii-pentru-cuptoare\/kituri-optionale\/generator-de-fum-smoker-retigo-vision-oa07-0001\/","title":{"rendered":"GENERATOR DE FUM &#8211; AFUMATOARE Retigo Vision -OA07-0001"},"content":{"rendered":"<p><strong>GENERATOR DE FUM &#8211; AFUMATOARE Retigo Vision -OA07-0001-<\/strong> Intensitatea fumului este programabila in 3 trepte. Etapa 1 &#8211; pentru fum lent la rece de p\u00e2n\u0103 la trei ore cu generare de fum f\u0103r\u0103 ardere excesiv\u0103. Etapa 2 &#8211; pentru fum mediu la o temperatur\u0103 de 70 \u00b0 C p\u00e2n\u0103 la 130 \u00b0 C timp de p\u00e2n\u0103 la dou\u0103 ore. Etapa 3 pentru generare cu fum intens a la carte cu un tratament termic scurt de p\u00e2n\u0103 la 30 de minute. Pornire turbo. Eliberarea rapid\u0103 a fumului atunci c\u00e2nd afuma\u021bi a la carte. Fum din bel\u0219ug timp de 2 minute datorit\u0103 performan\u021bei de ardere controlat\u0103. Controlul cu microprocesor al arderii lemnului asigur\u0103 c\u0103 fumul este generat rapid, iar \u00eencetinirea ulterioar\u0103 a arderii \u00eempiedic\u0103 arderea lemnului \u0219i s\u0103 provoace am\u0103r\u0103ciune. Afum\u0103torul poate fi folosit la temperaturi de la 20\u00b0C p\u00e2n\u0103 la 200\u00b0C. Oprire automat\u0103. Datorit\u0103 acestei func\u021bii, afum\u0103torul ofer\u0103 rezultate excelente chiar \u0219i atunci c\u00e2nd nu sunte\u021bi \u00een buc\u0103t\u0103rie. Afum\u0103torul \u00eensu\u0219i intr\u0103 \u00een modul oprire dup\u0103 finalizarea unui anumit proces. Folosit pentru afumatul de noapte. Touchpad. Controlul tactil contribuie la \u00eentre\u021binerea \u0219i igiena u\u0219oar\u0103 \u00een buc\u0103t\u0103rie. Datorit\u0103 etan\u0219\u0103rii speciale a electronicii, afum\u0103toarea poate fi sp\u0103lat\u0103 cu cl\u0103tire automat\u0103 direct \u00een cuptorul cu abur Retigo.<\/p>\n<p>Caracteristici<br \/>\nTemperatura: pana la 200 \u00b0C<br \/>\nPutere: 0,3 kW<br \/>\nMaterial: otel inoxidabil<br \/>\nProduc\u0103tor: Retigo (Republica Ceh\u0103)<br \/>\nAlimentare: 220 V<br \/>\nTip echipament: Accesorii<\/p>\n","protected":false},"excerpt":{"rendered":"<p>Generator de fum\/ afumatoare. Temperatura: pana la 200 \u00b0C; Putere: 0,3 kW; Material: otel inoxidabil; Produc\u0103tor: Retigo (Republica Ceh\u0103); Alimentare: 220 V; Tip echipament: Accesorii.<\/p>\n","protected":false},"featured_media":30288,"template":"","meta":[],"_links":{"self":[{"href":"https:\/\/evotek.md\/ro\/wp-json\/wp\/v2\/product\/30289"}],"collection":[{"href":"https:\/\/evotek.md\/ro\/wp-json\/wp\/v2\/product"}],"about":[{"href":"https:\/\/evotek.md\/ro\/wp-json\/wp\/v2\/types\/product"}],"wp:featuredmedia":[{"embeddable":true,"href":"https:\/\/evotek.md\/ro\/wp-json\/wp\/v2\/media\/30288"}],"wp:attachment":[{"href":"https:\/\/evotek.md\/ro\/wp-json\/wp\/v2\/media?parent=30289"}],"curies":[{"name":"wp","href":"https:\/\/api.w.org\/{rel}","templated":true}]}}