{"id":30154,"date":"2022-04-12T10:44:24","date_gmt":"2022-04-12T10:44:24","guid":{"rendered":"https:\/\/evotek.md\/produse\/fara-categorie\/masina-de-intins-aluat-de-potea-38-cm-m-09377010\/"},"modified":"2024-10-30T09:44:19","modified_gmt":"2024-10-30T09:44:19","slug":"masina-de-intins-aluat-de-potea-38-cm-m-09377010","status":"publish","type":"product","link":"https:\/\/evotek.md\/ro\/produse\/echipamente-electromecanice\/masina-pentru-indindere-aluat\/masina-de-intins-aluat-de-potea-38-cm-m-09377010\/","title":{"rendered":"MASINA DE INTINS ALUAT, DE PODEA 38 cm -M-09377010"},"content":{"rendered":"<p><strong>MASINA DE INTINS ALUAT, DE PODEA 38 cm -M-09377010-<\/strong> Ma\u0219in\u0103 de \u00eentins aluat de mas\u0103 este potrivit\u0103 pentru uz profesional \u0219i asigur\u0103 o \u00eentindere u\u0219oar\u0103 a aluatului. Pune\u021bi aluatul pe o band\u0103 transportoare special conceput\u0103 pentru prelucrarea alimentelor. Apoi seta\u021bi grosimea aluatului cu ajutorul p\u00e2rghiei. Dup\u0103 care aluatul se ruleaz\u0103 peste rol\u0103 pe cealalt\u0103 parte. Astfel, aluatul se \u00eentinde rapid \u0219i uniform la grosimea dorit\u0103. Ma\u0219ina de rulat aluat este u\u0219or de utilizat \u0219i u\u0219or de cur\u0103\u021bat.<\/p>\n<p><strong>Particularit\u0103\u021bi<\/strong><br \/>\nFiabil \u0219i u\u0219or de operat<br \/>\nBand\u0103 transportoare potrivit\u0103 pentru industria alimentar\u0103<br \/>\nGrosimea aluatului reglabila 0-35mm<br \/>\nM\u00e2ner pentru deplasarea aluatului<br \/>\nRecipient pentru aluat<br \/>\nPrev\u0103zut cu buton de urgen\u021b\u0103<br \/>\nEchipat cu grile de protec\u021bie<br \/>\nSe pliaz\u0103<br \/>\nSt\u0103 pe ro\u021bi cu fr\u00e2ne<br \/>\nConstruc\u021bie foarte durabil\u0103<br \/>\nDesign igienic<\/p>\n<p><strong>Caracteristici<\/strong><br \/>\nGreutate neta: 170 kg<br \/>\nDimensiuni rulou: \u00d8 88 x 380 mm<br \/>\n\u00cen\u0103l\u021bime de lucru: 850 mm<br \/>\nDimensiunile dispozitivului pliat: L700 x D730 x H 1300 mm<br \/>\nDimensiuni aparat: L1630 x D730 x H1225 mm<br \/>\nPutere electric\u0103 total\u0103: 0,75 kW<br \/>\nPutere: 230V \/ 50Hz \/ 1 faz\u0103 750W<\/p>\n","protected":false},"excerpt":{"rendered":"<p>Ma\u0219in\u0103 de \u00eentins aluat &#8211; de podea &#8211; 38 cm. Greutate neta: 170 kg; Dimensiuni rulou: \u00d8 88 x 380 mm; \u00cen\u0103l\u021bime de lucru: 850 mm; Dimensiunile dispozitivului pliat: L700 x D730 x H 1300 mm; Dimensiuni aparat: L1630 x D730 x H1225 mm; Putere electric\u0103 total\u0103: 0,75 kW; Putere: 230V \/ 50Hz \/ 1 faz\u0103 750W.<\/p>\n","protected":false},"featured_media":30141,"template":"","meta":[],"_links":{"self":[{"href":"https:\/\/evotek.md\/ro\/wp-json\/wp\/v2\/product\/30154"}],"collection":[{"href":"https:\/\/evotek.md\/ro\/wp-json\/wp\/v2\/product"}],"about":[{"href":"https:\/\/evotek.md\/ro\/wp-json\/wp\/v2\/types\/product"}],"wp:featuredmedia":[{"embeddable":true,"href":"https:\/\/evotek.md\/ro\/wp-json\/wp\/v2\/media\/30141"}],"wp:attachment":[{"href":"https:\/\/evotek.md\/ro\/wp-json\/wp\/v2\/media?parent=30154"}],"curies":[{"name":"wp","href":"https:\/\/api.w.org\/{rel}","templated":true}]}}