{"id":3015,"date":"2020-02-25T13:58:41","date_gmt":"2020-02-25T13:58:41","guid":{"rendered":"https:\/\/evotek.md\/?post_type=product&#038;p=3015"},"modified":"2021-06-18T12:55:33","modified_gmt":"2021-06-18T12:55:33","slug":"cuptor-cu-abur-tecnoeka-ekf-1111-e-ud","status":"publish","type":"product","link":"https:\/\/evotek.md\/ro\/produse\/echipamente-termice\/cuptoare-cu-abur-2-teplovoe-oborudovanie\/cuptor-cu-abur-tecnoeka-ekf-1111-e-ud\/","title":{"rendered":"CUPTOR CU ABUR Tecnoeka, 11 NIVELE -EKF 1111 E UD"},"content":{"rendered":"<p><strong>CUPTOR CU ABUR Tecnoeka, 11 NIVELE -EKF 1111 E UD- <\/strong>Cuptorul este conceput pentru prepararea unei game largi de feluri de m\u00e2ncare: carne, pe\u0219te, fructe de mare, legume \u0219i produse coapte la unit\u0103\u021bile de alimenta\u021bie public\u0103 \u0219i \u00een atelierele de produc\u021bie, a c\u0103ror activitate este asociat\u0103 cu produc\u021bia de produse gastronomice. Dispozitivul permite preg\u0103tirea mai multor preparate simultan, f\u0103r\u0103 a le amesteca mirosurile \u0219i gusturile.<\/p>\n<p>Dispozitivul este echipat cu un panou de control \u00eembun\u0103t\u0103\u021bit, echipat cu 2 afi\u0219aje care reflect\u0103 parametrii de temperatur\u0103 \u0219i timp, 4 LED-uri care semnalizeaz\u0103 faza de g\u0103tit selectat\u0103, precum \u0219i o bar\u0103 de vizualizare a climatului, un buton pentru setarea func\u021biilor \u0219i r\u0103cirea camerei de lucru. Cuptorul ofer\u0103 mai multe op\u021biuni pentru climatul camerei interioare: de la c\u0103ldur\u0103 \u201euscat\u0103\u201d p\u00e2n\u0103 la umiditate maxim\u0103 \u0219i invers. Iluminatul interior \u0219i sticla dubl\u0103 rezistent\u0103 la c\u0103ldur\u0103 \u00een u\u0219a batant\u0103 v\u0103 permit s\u0103 observa\u021bi procesul de g\u0103tit f\u0103r\u0103 a fi necesar s\u0103 deschide\u021bi u\u0219a.<\/p>\n<p>Facilit\u0103\u021bi: cicluri de g\u0103tit automat programate; Posibilitatea de a crea 99 de re\u021bete (p\u00e2n\u0103 la 4 etape de g\u0103tit \u00eentr-un ciclu); Pentru fiecare din cele 4 etape de g\u0103tit, se pot seta urm\u0103torii parametri: timpul de g\u0103tire, temperatura camerei de lucru, procentul de umidificare \/ abur, debitul de aer \u00een camer\u0103; 3 ventilatoare reversibile; Func\u021bia de a reduce viteza ventilatorului la jum\u0103tate; Pre\u00eenc\u0103lzirea; Conexiune la alimentare cu ap\u0103 \u0219i canalizare; Cre\u0219terea izola\u021biei termice; R\u0103cire for\u021bat\u0103 pentru protejarea componentelor electrice; R\u0103cirea geamului u\u0219ii exterioare; Senzor pentru u\u0219\u0103 deschis\u0103; F\u0103r\u0103 g\u0103uri pe pere\u021bii cuptorului; balamale \u0219i suporturi noi pentru u\u0219\u0103 pentru cur\u0103\u021bare u\u0219oar\u0103; Toate piesele sunt din inox; Nivel de protec\u021bie: IPX3.<\/p>\n<p><strong>*Pentru a beneficia de garan\u021bie este obligatoriu de a fi instalat filtru DVA pentru acest echipament.<\/strong><\/p>\n<p>Caracteristici<\/p>\n<p>Conexiune: 380 V<\/p>\n<p>Num\u0103r de nivele: 11<\/p>\n<p>Distan\u021ba dintre nivele: 68mm<\/p>\n<p>Tipul recipientului gastronomic: GN 1\/1<\/p>\n<p>Dimensiunea recipientului gastronomic (extern \/ intern): 530&#215;325 \/ 500&#215;300 mm<\/p>\n<p>Panou de control: electromecanic<\/p>\n<p>Metoda de generare a aburului: injector<\/p>\n<p>Stare de temperatur\u0103: de la 50 la 270 \u00b0 \u0421<\/p>\n<p>Putere: 16 kW<\/p>\n<p>Parametri: 935x930x1150 mm<\/p>\n<p>Greutate: 134,8 kg<\/p>\n<p>\u021aara de origine: Italia<\/p>\n<p>Cuptor cu abur, cu 11 de nivele.<\/p>\n<p>&nbsp;<\/p>\n","protected":false},"excerpt":{"rendered":"<p>Cuptor cu abur cu 11 nivele. Conexiune: 380 V; Distan\u021ba dintre nivele: 68mm; Tipul recipientului gastronomic: GN 1\/1; Dimensiunea recipientului gastronomic (extern \/ intern): 530&#215;325 \/ 500&#215;300 mm; Panou de control: electromecanic; Metoda de generare a aburului: injector: Stare de temperatur\u0103: de la 50 la 270 \u00b0 \u0421; Putere: 16 kW; Parametri: 935x930x1150 mm; Greutate: 134,8 kg; \u021aara de origine: Italia; Cuptor cu abur, cu 11 de nivele.<\/p>\n<p><strong>*T\u0103vile GN \u0219i t\u0103vile pentru patiserie nu sunt incluse \u00een set.<\/strong><br \/>\n<strong>*Recomand\u0103m instalarea adi\u021bional\u0103 a unui filtru DVA pentru o bun\u0103 func\u021bionare a cuptorului.<\/strong><\/p>\n<p>&nbsp;<\/p>\n","protected":false},"featured_media":3014,"template":"","meta":[],"_links":{"self":[{"href":"https:\/\/evotek.md\/ro\/wp-json\/wp\/v2\/product\/3015"}],"collection":[{"href":"https:\/\/evotek.md\/ro\/wp-json\/wp\/v2\/product"}],"about":[{"href":"https:\/\/evotek.md\/ro\/wp-json\/wp\/v2\/types\/product"}],"wp:featuredmedia":[{"embeddable":true,"href":"https:\/\/evotek.md\/ro\/wp-json\/wp\/v2\/media\/3014"}],"wp:attachment":[{"href":"https:\/\/evotek.md\/ro\/wp-json\/wp\/v2\/media?parent=3015"}],"curies":[{"name":"wp","href":"https:\/\/api.w.org\/{rel}","templated":true}]}}