{"id":30120,"date":"2022-04-08T08:44:32","date_gmt":"2022-04-08T08:44:32","guid":{"rendered":"https:\/\/evotek.md\/produse\/fara-categorie\/betisoase-din-bambus-pentru-vata-de-zahar-hkn-bst\/"},"modified":"2022-04-12T11:07:01","modified_gmt":"2022-04-12T11:07:01","slug":"betisoase-din-bambus-pentru-vata-de-zahar-hkn-bst","status":"publish","type":"product","link":"https:\/\/evotek.md\/ro\/produse\/echipamente-termice\/aparate-pentru-vata-de-zahar\/betisoase-din-bambus-pentru-vata-de-zahar-hkn-bst\/","title":{"rendered":"BE\u021aI\u0218OARE DIN BAMBUS PENTRU VAT\u0102 DE ZAH\u0102R -HKN-BST"},"content":{"rendered":"<p><strong>BE\u021aI\u0218OARE DIN BAMBUS PENTRU VAT\u0102 DE ZAH\u0102R -HKN-BST-<\/strong> sunt folosite \u00een mod tradi\u021bional pentru vat\u0103 de zah\u0103r, porumb fiert, mere caramelizate, c\u00e2rn\u0103ciori etc.<\/p>\n<p>Caracteristici<br \/>\n\u00cen\u0103l\u021bime: 300 mm<br \/>\nLungime: 3 mm<br \/>\nL\u0103\u021bime: 3 mm<br \/>\nMaterial: bambus<br \/>\nGreutate neta: 0,10 kg<br \/>\nCantitate per pachet: 100 buc<\/p>\n<p>&nbsp;<\/p>\n","protected":false},"excerpt":{"rendered":"<p>Be\u021bi\u0219oare din bambus pentru vat\u0103 de zah\u0103r.\u00a0\u00cen\u0103l\u021bime: 300 mm;\u00a0Lungime: 3 mm;\u00a0L\u0103\u021bime: 3 mm;\u00a0Material: bambus;\u00a0Greutate neta: 0,10 kg;\u00a0Cantitate per pachet: 100 buc.<\/p>\n","protected":false},"featured_media":30119,"template":"","meta":[],"_links":{"self":[{"href":"https:\/\/evotek.md\/ro\/wp-json\/wp\/v2\/product\/30120"}],"collection":[{"href":"https:\/\/evotek.md\/ro\/wp-json\/wp\/v2\/product"}],"about":[{"href":"https:\/\/evotek.md\/ro\/wp-json\/wp\/v2\/types\/product"}],"wp:featuredmedia":[{"embeddable":true,"href":"https:\/\/evotek.md\/ro\/wp-json\/wp\/v2\/media\/30119"}],"wp:attachment":[{"href":"https:\/\/evotek.md\/ro\/wp-json\/wp\/v2\/media?parent=30120"}],"curies":[{"name":"wp","href":"https:\/\/api.w.org\/{rel}","templated":true}]}}