{"id":30116,"date":"2022-04-08T08:27:43","date_gmt":"2022-04-08T08:27:43","guid":{"rendered":"https:\/\/evotek.md\/produse\/fara-categorie\/mixer-planetar-hkn-ks10\/"},"modified":"2023-03-09T10:11:38","modified_gmt":"2023-03-09T10:11:38","slug":"mixer-planetar-hkn-ks10","status":"publish","type":"product","link":"https:\/\/evotek.md\/ro\/produse\/echipamente-electromecanice\/mixer-planetar\/mixer-planetar-hkn-ks10\/","title":{"rendered":"MIXER PLANETAR, 10 LITRI (galben) -HKN-KS10"},"content":{"rendered":"<p><strong>MIXER PLANETAR, 10 LITRI (galben) -HKN-KS10-<\/strong> cu sistem de control electromecanic se folose\u0219te pentru fr\u0103m\u00e2ntarea aluatului lichid, inclusiv proteine, creme, drojdie, biscui\u021bi, precum si pentru a zbate fri\u0219ca. Mixerele planetare sunt utilizate pe scar\u0103 larg\u0103 \u00een toate tipurile de unit\u0103\u021bi de catering \u0219i comer\u021b. Carcasa bolul-ui deta\u0219abil este din o\u021bel inoxidabil, al c\u0103rui volum este de 10 litri. Setul include un tel, un c\u00e2rlig \u0219i o spatul\u0103. Mixerul are un sistem de control al vitezei lin\u0103 de la 0 la 1000 rpm. Cap de lucru retractabil. Mixerul are dimensiunile de 380x235x445 mm. Consumul maxim de energie este de 0,5 kW.<\/p>\n<p>Caracteristici<br \/>\n\u00cen\u0103l\u021bime: 445 mm<br \/>\nLungime: 380 mm<br \/>\nL\u0103\u021bime: 235 mm<br \/>\nPutere: 0,50 kW<br \/>\nConexiune: 230 V<br \/>\nGreutatea total\u0103 a echipamentului este de 15 kg<br \/>\nGreutate neta: 15 kg<\/p>\n<p>&nbsp;<\/p>\n","protected":false},"excerpt":{"rendered":"<p>Mixer planetar. \u00cen\u0103l\u021bime: 445 mm; Lungime: 380 mm; L\u0103\u021bime: 235 mm; Putere: 0,50 kW; Conexiune: 230 V; Greutatea total\u0103 a echipamentului este de 15 kg; Greutate neta: 15 kg.<\/p>\n<p>&nbsp;<\/p>\n","protected":false},"featured_media":30115,"template":"","meta":[],"_links":{"self":[{"href":"https:\/\/evotek.md\/ro\/wp-json\/wp\/v2\/product\/30116"}],"collection":[{"href":"https:\/\/evotek.md\/ro\/wp-json\/wp\/v2\/product"}],"about":[{"href":"https:\/\/evotek.md\/ro\/wp-json\/wp\/v2\/types\/product"}],"wp:featuredmedia":[{"embeddable":true,"href":"https:\/\/evotek.md\/ro\/wp-json\/wp\/v2\/media\/30115"}],"wp:attachment":[{"href":"https:\/\/evotek.md\/ro\/wp-json\/wp\/v2\/media?parent=30116"}],"curies":[{"name":"wp","href":"https:\/\/api.w.org\/{rel}","templated":true}]}}