{"id":30113,"date":"2022-04-08T07:21:07","date_gmt":"2022-04-08T07:21:07","guid":{"rendered":"https:\/\/evotek.md\/produse\/fara-categorie\/suprafata-de-prajire-fonta-r89\/"},"modified":"2023-09-27T08:07:55","modified_gmt":"2023-09-27T08:07:55","slug":"suprafata-de-prajire-fonta-r89","status":"publish","type":"product","link":"https:\/\/evotek.md\/ro\/produse\/echipamente-termice\/suprafete-de-prajire\/suprafata-de-prajire-fonta-r89\/","title":{"rendered":"SUPRAFATA DE PRAJIT ELECTRICA, NETEDA+RIFLATA, DIN FONTA 70 cm -REMTA-R89"},"content":{"rendered":"<div><strong>SUPRAFATA DE PRAJIT ELECTRICA, NETEDA+RIFLATA, DIN FONTA 70 cm -REMTA-R89-<\/strong> Suprafa\u021ba de pr\u0103jire este conceput\u0103 pentru pr\u0103jirea c\u0103rnii, pe\u0219telui, c\u0103rnii de pas\u0103re, legumelor, sandvi\u0219urilor \u0219i kebab-urilor \u00een unit\u0103\u021bile de catering \u0219i comer\u021b. Modelul este echipat cu termostat. Corpul este realizat din otel inoxidabil.<\/div>\n<div><\/div>\n<div><strong>Facilit\u0103\u021bi:<\/strong><\/div>\n<div>Ap\u0103r\u0103toare de stropire laterale \u0219i la spate<\/div>\n<div>Indicator de putere<\/div>\n<div>Zon\u0103 de acumularea gr\u0103simii deta\u0219abil\u0103<\/div>\n<div><\/div>\n<div><strong>Caracteristici<\/strong><\/div>\n<div>Numar de zone de incalzire: 1<\/div>\n<div>Conexiune: 220 V<\/div>\n<div>Interval de temperatur\u0103: de la 50 la 250 \u00b0\u0421<\/div>\n<div>Structura suprafe\u021bei de pr\u0103jire: 50 % riflat\u0103 \u0219i 50 % plat\u0103<\/div>\n<div>Material suprafa\u021b\u0103 de pr\u0103jire: font\u0103<\/div>\n<div>Putere: 2,8 kW<\/div>\n<div>L\u0103time: 700 mm<\/div>\n<div>Ad\u00e2ncime: 510 mm<\/div>\n<div>\u00cen\u0103l\u021bime: 220 mm<\/div>\n<div>Greutate: 34 kg<\/div>\n<div>Dimensiune suprafe\u021bei de pr\u0103jire: 650&#215;380 mm<\/div>\n","protected":false},"excerpt":{"rendered":"<div>Suprafa\u021b\u0103 de pr\u0103jire din font\u0103, 50 % riflat\u0103 \u0219i 50 % plat\u0103. Numar de zone de incalzire: 1; Conexiune: 220 V; Interval de temperatur\u0103: de la 50 la 250 \u00b0\u0421; Structura suprafe\u021bei de pr\u0103jire: 50 % riflat\u0103 \u0219i 50 % plat\u0103; Material suprafa\u021b\u0103 de pr\u0103jire: font\u0103; Putere: 2,8 kW; L\u0103time: 700 mm; Ad\u00e2ncime: 510 mm; \u00cen\u0103l\u021bime: 220 mm; Greutate: 34 kg; Dimensiune suprafe\u021bei de pr\u0103jire: 650&#215;380 mm.<\/div>\n","protected":false},"featured_media":30112,"template":"","meta":[],"_links":{"self":[{"href":"https:\/\/evotek.md\/ro\/wp-json\/wp\/v2\/product\/30113"}],"collection":[{"href":"https:\/\/evotek.md\/ro\/wp-json\/wp\/v2\/product"}],"about":[{"href":"https:\/\/evotek.md\/ro\/wp-json\/wp\/v2\/types\/product"}],"wp:featuredmedia":[{"embeddable":true,"href":"https:\/\/evotek.md\/ro\/wp-json\/wp\/v2\/media\/30112"}],"wp:attachment":[{"href":"https:\/\/evotek.md\/ro\/wp-json\/wp\/v2\/media?parent=30113"}],"curies":[{"name":"wp","href":"https:\/\/api.w.org\/{rel}","templated":true}]}}