{"id":3010,"date":"2020-02-25T13:37:53","date_gmt":"2020-02-25T13:37:53","guid":{"rendered":"https:\/\/evotek.md\/?post_type=product&#038;p=3010"},"modified":"2021-06-18T12:55:43","modified_gmt":"2021-06-18T12:55:43","slug":"cuptor-cu-abur-tecnoeka-ekf-1111-ud","status":"publish","type":"product","link":"https:\/\/evotek.md\/ro\/produse\/echipamente-termice\/cuptoare-cu-abur-2-teplovoe-oborudovanie\/cuptor-cu-abur-tecnoeka-ekf-1111-ud\/","title":{"rendered":"CUPTOR CU ABUR Tecnoeka, 11 NIVELE -EKF 1111 UD"},"content":{"rendered":"<p><strong>CUPTOR CU ABUR Tecnoeka, 11 NIVELE -EKF 1111 UD- <\/strong>Cuptorul este conceput pentru prepararea unei game largi de feluri de m\u00e2ncare: carne, pe\u0219te, fructe de mare, legume \u0219i produse coapte la unit\u0103\u021bile de alimenta\u021bie public\u0103 \u0219i \u00een atelierele de produc\u021bie, a c\u0103ror activitate este asociat\u0103 cu produc\u021bia de produse gastronomice. Dispozitivul permite preg\u0103tirea mai multor preparate simultan, f\u0103r\u0103 a le amesteca mirosurile \u0219i gusturile.<\/p>\n<p>Panoul de control avansat al dispozitivului faciliteaz\u0103 reglarea temperaturii, timpul de g\u0103tire \u0219i frecven\u021ba injec\u021biei. Cuptorul ofer\u0103 mai multe op\u021biuni pentru climatul camerei interioare: de la c\u0103ldur\u0103 \u201euscat\u0103\u201d p\u00e2n\u0103 la umiditate maxim\u0103 \u0219i invers. Iluminatul interior \u0219i sticla dubl\u0103 termorezistent\u0103 din u\u0219a batant\u0103 v\u0103 permit s\u0103 observa\u021bi procesul de g\u0103tit f\u0103r\u0103 a fi necesar s\u0103 deschide\u021bi u\u0219a.<\/p>\n<p>Facilit\u0103\u021bi: 3 ventilatoare reversibile; Cre\u0219terea izola\u021biei termice; R\u0103cire for\u021bat\u0103 pentru protejarea componentelor electrice; R\u0103cirea geamului u\u0219ii exterioare; Senzor pentru u\u0219\u0103 deschis\u0103; F\u0103r\u0103 g\u0103uri pe pere\u021bii cuptorului; Balamale \u0219i suporturi noi pentru u\u0219\u0103 pentru cur\u0103\u021bare u\u0219oar\u0103; Toate piesele sunt din o\u021bel inoxidabil AISI 304; Nivel de protec\u021bie: IPX3.<\/p>\n<p><strong>*Pentru a beneficia de garan\u021bie este obligatoriu de a fi instalat filtru DVA pentru acest echipament.<\/strong><\/p>\n<p>Caracteristici<\/p>\n<p>Conexiune: 380 V<\/p>\n<p>Num\u0103r de nivele: 11<\/p>\n<p>Distan\u021ba dintre nivele: 68mm<\/p>\n<p>Tipul recipientului gastronomic: GN 1\/1<\/p>\n<p>Dimensiunea recipientului gastronomic (extern \/ intern): 530&#215;325 \/ 500&#215;300 mm<\/p>\n<p>Panou de control: mecanic<\/p>\n<p>Metoda de generare a aburului: injector<\/p>\n<p>Stare de temperatur\u0103: de la 100 la 275 \u00b0 \u0421<\/p>\n<p>Putere: 16 kW<\/p>\n<p>Parametri: 935x930x1150 mm<\/p>\n<p>Greutate: 129,4 kg<\/p>\n<p>\u021aara de origine: Italia<\/p>\n<p>&nbsp;<\/p>\n<p>&nbsp;<\/p>\n<p>&nbsp;<\/p>\n","protected":false},"excerpt":{"rendered":"<p>Cuptor cu abur, cu 11 de nivele.\u00a0Conexiune: 380 V; Distan\u021ba dintre nivele: 68mm; Tipul recipientului gastronomic: GN 1\/1; Dimensiunea recipientului gastronomic (extern \/ intern): 530&#215;325 \/ 500&#215;300 mm; Panou de control: mecanic; Metoda de generare a aburului: injector; Stare de temperatur\u0103: de la 100 la 275 \u00b0 \u0421; Putere: 16 kW; Parametri: 935x930x1150 mm; Greutate: 129,4 kg; \u021aara de origine: Italia.<\/p>\n<p><strong>*T\u0103vile GN \u0219i t\u0103vile pentru patiserie nu sunt incluse \u00een set.<\/strong><br \/>\n<strong>*Recomand\u0103m instalarea adi\u021bional\u0103 a unui filtru DVA pentru o bun\u0103 func\u021bionare a cuptorului.<\/strong><\/p>\n<p>&nbsp;<\/p>\n","protected":false},"featured_media":3009,"template":"","meta":[],"_links":{"self":[{"href":"https:\/\/evotek.md\/ro\/wp-json\/wp\/v2\/product\/3010"}],"collection":[{"href":"https:\/\/evotek.md\/ro\/wp-json\/wp\/v2\/product"}],"about":[{"href":"https:\/\/evotek.md\/ro\/wp-json\/wp\/v2\/types\/product"}],"wp:featuredmedia":[{"embeddable":true,"href":"https:\/\/evotek.md\/ro\/wp-json\/wp\/v2\/media\/3009"}],"wp:attachment":[{"href":"https:\/\/evotek.md\/ro\/wp-json\/wp\/v2\/media?parent=3010"}],"curies":[{"name":"wp","href":"https:\/\/api.w.org\/{rel}","templated":true}]}}