{"id":30093,"date":"2022-04-06T11:45:32","date_gmt":"2022-04-06T11:45:32","guid":{"rendered":"https:\/\/evotek.md\/produse\/fara-categorie\/capac-din-polipropilena-gn-1-2-st-162002\/"},"modified":"2022-04-06T11:56:09","modified_gmt":"2022-04-06T11:56:09","slug":"capac-din-polipropilena-gn-1-2-st-162002","status":"publish","type":"product","link":"https:\/\/evotek.md\/ro\/produse\/accesorii-si-inventar-bucatarie\/recipiente-din-polipropilena\/capac-din-polipropilena-gn-1-2-st-162002\/","title":{"rendered":"CAPAC DIN POLIPROPILEN\u0102 GN 1\/2 ST-162002"},"content":{"rendered":"<div><strong>CAPAC DIN POLIPROPILEN\u0102 GN 1\/2 ST-162002-<\/strong> Capacul pentru containere GN 1\/2 este realizat din polipropilena de inalta calitate. Acest material se caracterizeaz\u0103 prin neabsorb\u021bia mirosurilor \u0219i a gusturilor, astfel \u00eenc\u00e2t pute\u021bi stoca diferite tipuri de produse \u00eentr-un singur recipient f\u0103r\u0103 a v\u0103 teme c\u0103 vor fi absorbite cu o arom\u0103 diferit\u0103. Acoperirea poate fi utilizat\u0103 la temperaturi de la -5\u00b0C p\u00e2n\u0103 la 70\u00b0C. Marginile rotunjite m\u0103resc siguran\u021ba \u00een utilizare \u0219i fac cur\u0103\u021barea mai u\u0219oar\u0103. Capacul nu trebuie folosit \u00eentr-o baie de ap\u0103 sau \u00eentr-un cuptor combinat cu abur.<\/div>\n<div><\/div>\n<div>Caracteristici<\/div>\n<div>L\u0103\u021bime: 325 mm<\/div>\n<div>Ad\u00e2ncime: 265 mm<\/div>\n<div>Temperatur\u0103: -5\u00b0C \/ 70\u00b0C<\/div>\n<div>Material: polipropilena<\/div>\n<div>Dimensiunea foii: GN 1\/2<\/div>\n","protected":false},"excerpt":{"rendered":"<div>Capac din polipropilen\u0103 GN 1\/2. L\u0103\u021bime: 325 mm; Ad\u00e2ncime: 265 mm; Temperatur\u0103: -5\u00b0C \/ 70\u00b0C; Material: polipropilena; Dimensiunea foii: GN 1\/2.<\/div>\n","protected":false},"featured_media":30092,"template":"","meta":[],"_links":{"self":[{"href":"https:\/\/evotek.md\/ro\/wp-json\/wp\/v2\/product\/30093"}],"collection":[{"href":"https:\/\/evotek.md\/ro\/wp-json\/wp\/v2\/product"}],"about":[{"href":"https:\/\/evotek.md\/ro\/wp-json\/wp\/v2\/types\/product"}],"wp:featuredmedia":[{"embeddable":true,"href":"https:\/\/evotek.md\/ro\/wp-json\/wp\/v2\/media\/30092"}],"wp:attachment":[{"href":"https:\/\/evotek.md\/ro\/wp-json\/wp\/v2\/media?parent=30093"}],"curies":[{"name":"wp","href":"https:\/\/api.w.org\/{rel}","templated":true}]}}