{"id":30089,"date":"2022-04-06T11:29:21","date_gmt":"2022-04-06T11:29:21","guid":{"rendered":"https:\/\/evotek.md\/produse\/fara-categorie\/recipient-din-polipropilena-gn-1-2-200-mm-st-162202\/"},"modified":"2023-03-16T08:06:15","modified_gmt":"2023-03-16T08:06:15","slug":"recipient-din-polipropilena-gn-1-2-200-mm-st-162202","status":"publish","type":"product","link":"https:\/\/evotek.md\/ro\/produse\/accesorii-si-inventar-bucatarie\/recipiente-din-polipropilena\/recipient-din-polipropilena-gn-1-2-200-mm-st-162202\/","title":{"rendered":"CONTAINER DIN POLIPROPILEN, GN1\/2 h200 mm &#8211; 11.5 LITRI -ST-162202"},"content":{"rendered":"<p><strong>CONTAINER DIN POLIPROPILEN, GN1\/2 h200 mm &#8211; 11.5 LITRI -ST-162202-<\/strong> Recipient GN 1\/2 &#8211; 200 mm este realizat din polipropilen\u0103 de \u00eenalt\u00e2 calitate. Acest material nu absoarbe mirosuri \u0219i gusturi, a\u0219a c\u0103 pute\u021bi stoca diferite produse \u00eentr-un singur vas f\u0103r\u0103 a se amesteca mirosurile. Vasul poate fi folosit la temperaturi de la -5\u00b0C la 70\u00b0C. Marginile rotunjite m\u0103resc siguran\u021ba \u00een utilizare \u0219i fac cur\u0103\u021barea mai u\u0219oar\u0103. Recipientul nu trebuie folosit \u00eentr-o baie de ap\u0103 sau \u00eentr-un cuptor cu abur.<\/p>\n<p>Caracteristici<br \/>\nL\u0103\u021bime: 325 mm<br \/>\nAd\u00e2ncime: 265 mm<br \/>\n\u00cen\u0103l\u021bime: GN \/ Tip 200mm<br \/>\nCapacitate: 11,5 L<br \/>\nTemperatur\u0103: -5\u00b0C \/ 70\u00b0C<br \/>\nMaterial: polipropilen\u0103<br \/>\nDimensiune: GN 1\/2<\/p>\n","protected":false},"excerpt":{"rendered":"<p>Recipient din polipropilen\u0103 GN 1\/2 &#8211; 200 mm. L\u0103\u021bime: 325 mm; Ad\u00e2ncime: 265 mm; \u00cen\u0103l\u021bime: GN \/ Tip 200mm; Capacitate: 11,5 L; Temperatur\u0103: -5\u00b0C \/ 70\u00b0C; Material: polipropilen\u0103; Dimensiune: GN 1\/2<\/p>\n","protected":false},"featured_media":30088,"template":"","meta":[],"_links":{"self":[{"href":"https:\/\/evotek.md\/ro\/wp-json\/wp\/v2\/product\/30089"}],"collection":[{"href":"https:\/\/evotek.md\/ro\/wp-json\/wp\/v2\/product"}],"about":[{"href":"https:\/\/evotek.md\/ro\/wp-json\/wp\/v2\/types\/product"}],"wp:featuredmedia":[{"embeddable":true,"href":"https:\/\/evotek.md\/ro\/wp-json\/wp\/v2\/media\/30088"}],"wp:attachment":[{"href":"https:\/\/evotek.md\/ro\/wp-json\/wp\/v2\/media?parent=30089"}],"curies":[{"name":"wp","href":"https:\/\/api.w.org\/{rel}","templated":true}]}}