{"id":30084,"date":"2022-04-06T11:12:11","date_gmt":"2022-04-06T11:12:11","guid":{"rendered":"https:\/\/evotek.md\/produse\/fara-categorie\/capac-din-polipropilena-gn-1-1-st-161002\/"},"modified":"2022-04-06T11:12:11","modified_gmt":"2022-04-06T11:12:11","slug":"capac-din-polipropilena-gn-1-1-st-161002","status":"publish","type":"product","link":"https:\/\/evotek.md\/ro\/produse\/accesorii-si-inventar-bucatarie\/recipiente-din-polipropilena\/capac-din-polipropilena-gn-1-1-st-161002\/","title":{"rendered":"CAPAC DIN POLIPROPILEN\u0102 GN 1\/1 ST-161002"},"content":{"rendered":"<p><strong>CAPAC DIN POLIPROPILEN\u0102 GN 1\/1 ST-161002<\/strong>&#8211; Capacul pentru containere GN 1\/1 este realizat din polipropilena de \u00cenalt\u0103 calitate. Acest material se caracterizeaz\u0103 prin neabsorb\u021bia mirosurilor \u0219i a gusturilor, astfel \u00eenc\u00e2t pute\u021bi stoca diferite tipuri de produse \u00eentr-un singur recipient f\u0103r\u0103 a se amesteca mirosurile. Acoperirea poate fi utilizat\u0103 la temperaturi de la -5\u00b0C p\u00e2n\u0103 la 70\u00b0C. Marginile rotunjite m\u0103resc siguran\u021ba \u00een utilizare \u0219i fac cur\u0103\u021barea mai u\u0219oar\u0103. Capacul nu trebuie folosit \u00eentr-o baie de ap\u0103 sau \u00eentr-un cuptor cu abur.<\/p>\n<p>Caracteristici<br \/>\nL\u0103\u021bime: 325 mm<br \/>\nAd\u00e2ncime: 530 mm<br \/>\nTemperatur\u0103: -5\u00b0C \/ 70\u00b0C<br \/>\nMaterial de execu\u021bie: polipropilen\u0103<br \/>\nDimensiune: GN 1\/1<\/p>\n","protected":false},"excerpt":{"rendered":"<p>Capac din polipropilen\u0103 GN 1\/1. L\u0103\u021bime: 325 mm; Ad\u00e2ncime: 530 mm; Temperatur\u0103: -5\u00b0C \/ 70\u00b0C; Material de execu\u021bie: polipropilen\u0103; Dimensiune: GN 1\/1.<\/p>\n","protected":false},"featured_media":30083,"template":"","meta":[],"_links":{"self":[{"href":"https:\/\/evotek.md\/ro\/wp-json\/wp\/v2\/product\/30084"}],"collection":[{"href":"https:\/\/evotek.md\/ro\/wp-json\/wp\/v2\/product"}],"about":[{"href":"https:\/\/evotek.md\/ro\/wp-json\/wp\/v2\/types\/product"}],"wp:featuredmedia":[{"embeddable":true,"href":"https:\/\/evotek.md\/ro\/wp-json\/wp\/v2\/media\/30083"}],"wp:attachment":[{"href":"https:\/\/evotek.md\/ro\/wp-json\/wp\/v2\/media?parent=30084"}],"curies":[{"name":"wp","href":"https:\/\/api.w.org\/{rel}","templated":true}]}}