{"id":30080,"date":"2022-04-05T15:14:42","date_gmt":"2022-04-05T15:14:42","guid":{"rendered":"https:\/\/evotek.md\/produse\/fara-categorie\/tava-din-polipropilena-gn-1-1-200-mm-st-161202\/"},"modified":"2022-08-30T10:51:51","modified_gmt":"2022-08-30T10:51:51","slug":"tava-din-polipropilena-gn-1-1-200-mm-st-161202","status":"publish","type":"product","link":"https:\/\/evotek.md\/ro\/produse\/accesorii-si-inventar-bucatarie\/recipiente-din-polipropilena\/tava-din-polipropilena-gn-1-1-200-mm-st-161202\/","title":{"rendered":"CONTAINER DIN POLIPROPILEN\u0102 GN 1\/1 200 mm ST-161202"},"content":{"rendered":"<p><strong>CONTAINER DIN POLIPROPILEN\u0102 GN 1\/1 200 mm ST-161202-<\/strong> Recipientul GN 1\/1 cu \u00een\u0103l\u021bimea 200 mm este fabricat din polipropilen\u0103 de \u00eenalt\u0103 calitate. Acest material nu absoarbe mirosuri \u0219i gusturi, a\u0219a c\u0103 pute\u021bi stoca diferite produse \u00eentr-un singur vas f\u0103r\u0103 s\u0103 absoarb\u0103 mirosuri. Recipientul poate fi folosit la temperaturi de la -5\u00b0C la 70\u00b0C. Marginile rotunjite m\u0103resc siguran\u021ba \u00een utilizare \u0219i fac cur\u0103\u021barea mai u\u0219oar\u0103. Capacitatea GN este similar\u0103. Recipientul nu trebuie folosit \u00eentr-o baie de aburi sau \u00eentr-un cuptor cu abur.<\/p>\n<p>Caracteristici<br \/>\nL\u0103\u021bime: 530 mm<br \/>\nAd\u00e2ncime: 325 mm<br \/>\n\u00cen\u0103l\u021bime: GN \/ Tip 200 mm<br \/>\nCapacitate: 26 l<br \/>\nTemperatur\u0103: -5\u00b0\u0421 &#8211; 70\u00b0\u0421<br \/>\nMaterial: polipropilen\u0103<br \/>\nDimensiunea tavei: GN 1\/1<\/p>\n","protected":false},"excerpt":{"rendered":"<p>Tav\u0103 din polipropilen\u0103 GN 1\/1 200 mm. L\u0103\u021bime: 530 mm; Ad\u00e2ncime: 325 mm; \u00cen\u0103l\u021bime: GN \/ Tip 200 mm; Capacitate: 26 l; Temperatur\u0103: -5\u00b0\u0421 &#8211; 70\u00b0\u0421; Material: polipropilen\u0103; Dimensiunea tavei: GN 1\/1.<\/p>\n","protected":false},"featured_media":30079,"template":"","meta":[],"_links":{"self":[{"href":"https:\/\/evotek.md\/ro\/wp-json\/wp\/v2\/product\/30080"}],"collection":[{"href":"https:\/\/evotek.md\/ro\/wp-json\/wp\/v2\/product"}],"about":[{"href":"https:\/\/evotek.md\/ro\/wp-json\/wp\/v2\/types\/product"}],"wp:featuredmedia":[{"embeddable":true,"href":"https:\/\/evotek.md\/ro\/wp-json\/wp\/v2\/media\/30079"}],"wp:attachment":[{"href":"https:\/\/evotek.md\/ro\/wp-json\/wp\/v2\/media?parent=30080"}],"curies":[{"name":"wp","href":"https:\/\/api.w.org\/{rel}","templated":true}]}}