{"id":30071,"date":"2022-04-05T14:49:49","date_gmt":"2022-04-05T14:49:49","guid":{"rendered":"https:\/\/evotek.md\/produse\/fara-categorie\/tava-gastronomica-din-policarbonat-gn-1-1-100-mm-st-151102\/"},"modified":"2022-08-30T10:15:17","modified_gmt":"2022-08-30T10:15:17","slug":"tava-gastronomica-din-policarbonat-gn-1-1-100-mm-st-151102","status":"publish","type":"product","link":"https:\/\/evotek.md\/ro\/produse\/accesorii-si-inventar-bucatarie\/containere-gn-din-policarbonat\/container-gastronom-gn-1-1-2\/tava-gastronomica-din-policarbonat-gn-1-1-100-mm-st-151102\/","title":{"rendered":"CONTAINER DIN POLICARBONAT GN 1\/1 100 mm -ST-151102"},"content":{"rendered":"<p><strong>CONTAINER DIN POLICARBONAT GN 1\/1 100 mm -ST-151102-<\/strong>\u00a0Recipientele gastronormice din policarbonat nu absorb mirosurile. Recipientele Gastronormice sunt u\u0219or de cur\u0103\u021bat \u0219i pot fi sp\u0103late \u00een ma\u0219ina de sp\u0103lat vase. Fabricat din policarbonat negru de \u00eenalt\u0103 calitate. Acest material nu absoarbe mirosuri \u0219i gusturi, a\u0219a c\u0103 pute\u021bi depozita diferite produse \u00eentr-un singur vas f\u0103r\u0103 a absorbi arome diferite. Recipientul Gastronormic poate fi folosit la temperaturi de la -40\u00b0C la 99\u00b0C. Marginile rotunjite m\u0103resc siguran\u021ba \u00een utilizare \u0219i fac cur\u0103\u021barea mai u\u0219oar\u0103. Recipientul nu trebuie folosit \u00eentr-o baie cu abur sau cuptor cu abur sau.<\/p>\n<p>Caracteristici<br \/>\nL\u0103\u021bime: 530 mm<br \/>\nAd\u00e2ncime: 325 mm<br \/>\n\u00c2n\u0103l\u021bime: GN \/ Tip 100mm<br \/>\nCapacitate: 14 l<br \/>\nTemperatur\u0103: -40\u00b0C \/ 99\u00b0C<\/p>\n","protected":false},"excerpt":{"rendered":"<p>Container gastronomic din policarbonat GN 1\/1 100 mm. L\u0103\u021bime: 530 mm; Ad\u00e2ncime: 325 mm; \u00c2n\u0103l\u021bime: GN \/ Tip 100mm; Capacitate: 14 l; Temperatur\u0103: -40\u00b0C \/ 99\u00b0C.<\/p>\n","protected":false},"featured_media":30069,"template":"","meta":[],"_links":{"self":[{"href":"https:\/\/evotek.md\/ro\/wp-json\/wp\/v2\/product\/30071"}],"collection":[{"href":"https:\/\/evotek.md\/ro\/wp-json\/wp\/v2\/product"}],"about":[{"href":"https:\/\/evotek.md\/ro\/wp-json\/wp\/v2\/types\/product"}],"wp:featuredmedia":[{"embeddable":true,"href":"https:\/\/evotek.md\/ro\/wp-json\/wp\/v2\/media\/30069"}],"wp:attachment":[{"href":"https:\/\/evotek.md\/ro\/wp-json\/wp\/v2\/media?parent=30071"}],"curies":[{"name":"wp","href":"https:\/\/api.w.org\/{rel}","templated":true}]}}