{"id":30067,"date":"2022-04-05T14:36:22","date_gmt":"2022-04-05T14:36:22","guid":{"rendered":"https:\/\/evotek.md\/produse\/fara-categorie\/caramelizator-cu-gaz-pentru-creme-brulee-st-500600\/"},"modified":"2022-04-05T14:36:22","modified_gmt":"2022-04-05T14:36:22","slug":"caramelizator-cu-gaz-pentru-creme-brulee-st-500600","status":"publish","type":"product","link":"https:\/\/evotek.md\/ro\/produse\/accesorii-si-inventar-bucatarie\/accesorii-pentru-bar\/caramelizator-cu-gaz-pentru-creme-brulee-st-500600\/","title":{"rendered":"CARAMELIZATOR CU GAZ PENTRU CREME BRULEE -ST-500600"},"content":{"rendered":"<p><strong>CARAMELIZATOR CU GAZ PENTRU CREME BRULEE -ST-500600<\/strong>&#8211; Arz\u0103torul cu gaz este conceput pentru caramelizarea sosurilor, cremelor, precum \u0219i pentru utilizare larg\u0103 \u00een cofet\u0103rie \u0219i alimenta\u021bie public\u0103. Dispozitivul are: un aprinz\u0103tor piezoelectric, un arz\u0103tor cu flac\u0103r\u0103 reglabil, un buton de blocare a fl\u0103c\u0103rii.<\/p>\n<p>Caracteristici<br \/>\nTemperatura fl\u0103c\u0103rii: 1300 grade Celsius<br \/>\nDimensiune: 128&#215;65 mm, \u00een\u0103l\u021bime 170 mm<br \/>\nVolum: 40 ml<br \/>\nMaterial: o\u021bel inoxidabil \u0219i plastic<\/p>\n","protected":false},"excerpt":{"rendered":"<p>Caramelizator cu gaz pentu creme brulee. Temperatura fl\u0103c\u0103rii: 1300 grade Celsius; Dimensiune: 128&#215;65 mm, \u00een\u0103l\u021bime 170 mm; Volum: 40 ml; Material: o\u021bel inoxidabil \u0219i plastic.<\/p>\n","protected":false},"featured_media":30066,"template":"","meta":[],"_links":{"self":[{"href":"https:\/\/evotek.md\/ro\/wp-json\/wp\/v2\/product\/30067"}],"collection":[{"href":"https:\/\/evotek.md\/ro\/wp-json\/wp\/v2\/product"}],"about":[{"href":"https:\/\/evotek.md\/ro\/wp-json\/wp\/v2\/types\/product"}],"wp:featuredmedia":[{"embeddable":true,"href":"https:\/\/evotek.md\/ro\/wp-json\/wp\/v2\/media\/30066"}],"wp:attachment":[{"href":"https:\/\/evotek.md\/ro\/wp-json\/wp\/v2\/media?parent=30067"}],"curies":[{"name":"wp","href":"https:\/\/api.w.org\/{rel}","templated":true}]}}