{"id":3005,"date":"2020-02-25T13:22:45","date_gmt":"2020-02-25T13:22:45","guid":{"rendered":"https:\/\/evotek.md\/?post_type=product&#038;p=3005"},"modified":"2021-06-18T13:00:02","modified_gmt":"2021-06-18T13:00:02","slug":"cuptor-cu-abur-tecnoeka-ekf-2011-ud","status":"publish","type":"product","link":"https:\/\/evotek.md\/ro\/produse\/echipamente-termice\/cuptoare-cu-abur-2-teplovoe-oborudovanie\/cuptor-cu-abur-tecnoeka-ekf-2011-ud\/","title":{"rendered":"CUPTOR CU ABUR Tecnoeka, 20 NIVELE -EKF 2011 UD"},"content":{"rendered":"<p><strong>CUPTOR CU ABUR Tecnoeka, 20 NIVELE -EKF 2011 UD- <\/strong>Cuptorul este conceput pentru prepararea unei game largi de feluri de m\u00e2ncare: carne, pe\u0219te, fructe de mare, legume \u0219i produse coapte la unit\u0103\u021bile de alimenta\u021bie public\u0103 \u0219i \u00een atelierele de produc\u021bie, a c\u0103ror activitate este asociat\u0103 cu produc\u021bia de produse gastronomice. Dispozitivul permite preg\u0103tirea mai multor preparate simultan, f\u0103r\u0103 a le amesteca mirosurile \u0219i gusturile.<\/p>\n<p>Facilit\u0103\u021bi: abur direct; 5 ventilatoare distribuite pe \u00eentreaga \u00een\u0103l\u021bime a cuptorului; C\u0103rucior retractabil cu m\u00e2ner ergonomic \u0219i ro\u021bi cu fr\u00e2ne; Nivel de protec\u021bie: IPX4.<\/p>\n<p><strong>*Pentru a beneficia de garan\u021bie este obligatoriu de a fi instalat filtru DVA pentru acest echipament.<\/strong><\/p>\n<p>Caracteristici<\/p>\n<p>Conexiune: 380 V<\/p>\n<p>Num\u0103r de nivele: 20<\/p>\n<p>Distan\u021ba dintre nivele: 66 mm<\/p>\n<p>Tipul recipientului gastronomic: GN 1\/1<\/p>\n<p>Dimensiunea recipientului gastronomic (extern \/ intern): 530&#215;325 \/ 500&#215;300 mm<\/p>\n<p>Panou de control: electromecanic<\/p>\n<p>Metoda de generare a aburului: injector<\/p>\n<p>Stare de temperatur\u0103: de la 100 la 260 \u00b0 \u0421<\/p>\n<p>Putere: 30 kW<\/p>\n<p>Parametri: 986x1031x1920 mm<\/p>\n<p>Greutate: 210,8 kg<\/p>\n<p>\u021aara de origine: Italia<\/p>\n<p>&nbsp;<\/p>\n<p>&nbsp;<\/p>\n","protected":false},"excerpt":{"rendered":"<p>Cuptor cu abur, cu 20 de nivele. Conexiune: 380 V; Num\u0103r de nivele: 20; Distan\u021ba dintre nivele: 66 mm; Tipul recipientului gastronomic: GN 1\/1; Dimensiunea recipientului gastronomic (extern \/ intern): 530&#215;325 \/ 500&#215;300 mm; Panou de control: electromecanic; Metoda de generare a aburului: injector; Stare de temperatur\u0103: de la 100 la 260 \u00b0 \u0421; Putere: 30 kW; Parametri: 986x1031x1920 mm; Greutate: 210,8 kg; \u021aara de origine: Italia.<\/p>\n<p><strong>*T\u0103vile GN \u0219i t\u0103vile pentru patiserie nu sunt incluse \u00een set.<\/strong><br \/>\n<strong>*Recomand\u0103m instalarea adi\u021bional\u0103 a unui filtru DVA pentru o bun\u0103 func\u021bionare a cuptorului.<\/strong><\/p>\n","protected":false},"featured_media":3004,"template":"","meta":[],"_links":{"self":[{"href":"https:\/\/evotek.md\/ro\/wp-json\/wp\/v2\/product\/3005"}],"collection":[{"href":"https:\/\/evotek.md\/ro\/wp-json\/wp\/v2\/product"}],"about":[{"href":"https:\/\/evotek.md\/ro\/wp-json\/wp\/v2\/types\/product"}],"wp:featuredmedia":[{"embeddable":true,"href":"https:\/\/evotek.md\/ro\/wp-json\/wp\/v2\/media\/3004"}],"wp:attachment":[{"href":"https:\/\/evotek.md\/ro\/wp-json\/wp\/v2\/media?parent=3005"}],"curies":[{"name":"wp","href":"https:\/\/api.w.org\/{rel}","templated":true}]}}