{"id":30047,"date":"2022-04-04T13:49:57","date_gmt":"2022-04-04T13:49:57","guid":{"rendered":"https:\/\/evotek.md\/produse\/fara-categorie\/sare-in-forma-de-pastile-pentru-utilizare-profesionala-st-820999\/"},"modified":"2022-04-04T13:49:57","modified_gmt":"2022-04-04T13:49:57","slug":"sare-in-forma-de-pastile-pentru-utilizare-profesionala-st-820999","status":"publish","type":"product","link":"https:\/\/evotek.md\/ro\/produse\/accesorii-si-inventar-bucatarie\/accesorii-neclasificate\/sare-in-forma-de-pastile-pentru-utilizare-profesionala-st-820999\/","title":{"rendered":"SARE \u00ceN FORM\u0102 DE PASTILE PENTRU UTILIZARE PROFESIONAL\u0102 ST-820999"},"content":{"rendered":"<p><strong>SARE \u00ceN FORM\u0102 DE PASTILE PENTRU UTILIZARE PROFESIONAL\u0102 ST-820999<\/strong><\/p>\n<p>Caracteristici<br \/>\nSe vinde la saci de 25 kg<br \/>\nFolosit pentru regenerarea dedurizatoarelor de ap\u0103: 822990 \u0219i 822999 &#8211; cm.<\/p>\n","protected":false},"excerpt":{"rendered":"<p>Sare \u00een form\u0103 de pastile pentru utilizarea profesional\u0103. Se vinde la saci de 25 kg; Folosit pentru regenerarea dedurizatoarelor de ap\u0103: 822990 \u0219i 822999 &#8211; cm.<\/p>\n","protected":false},"featured_media":30046,"template":"","meta":[],"_links":{"self":[{"href":"https:\/\/evotek.md\/ro\/wp-json\/wp\/v2\/product\/30047"}],"collection":[{"href":"https:\/\/evotek.md\/ro\/wp-json\/wp\/v2\/product"}],"about":[{"href":"https:\/\/evotek.md\/ro\/wp-json\/wp\/v2\/types\/product"}],"wp:featuredmedia":[{"embeddable":true,"href":"https:\/\/evotek.md\/ro\/wp-json\/wp\/v2\/media\/30046"}],"wp:attachment":[{"href":"https:\/\/evotek.md\/ro\/wp-json\/wp\/v2\/media?parent=30047"}],"curies":[{"name":"wp","href":"https:\/\/api.w.org\/{rel}","templated":true}]}}