{"id":30025,"date":"2022-04-04T11:02:38","date_gmt":"2022-04-04T11:02:38","guid":{"rendered":"https:\/\/evotek.md\/produse\/fara-categorie\/dispenser-pentru-zahar-pudra-04-l-m-363150\/"},"modified":"2022-04-05T10:59:19","modified_gmt":"2022-04-05T10:59:19","slug":"dispenser-pentru-zahar-pudra-04-l-m-363150","status":"publish","type":"product","link":"https:\/\/evotek.md\/ro\/produse\/accesorii-si-inventar-bucatarie\/accesorii-pentru-bar\/dispenser-pentru-zahar-pudra-04-l-m-363150\/","title":{"rendered":"DISPENSER PENTRU ZAH\u0102R PUDR\u0102 0,4 l ST-363150"},"content":{"rendered":"<p><strong>DISPENSER PENTRU ZAH\u0102R PUDR\u0102 0,4 l ST-363150<\/strong><\/p>\n<p>Caracteristici<br \/>\nIn\u0103l\u021bime: 130 mm<br \/>\nCapacitate: 0,4 L<br \/>\nDiametru: 70 mm<\/p>\n","protected":false},"excerpt":{"rendered":"<p>Dispencer pentru zah\u0103r pudr\u0103. In\u0103l\u021bime: 130 mm; Capacitate: 0,4 L; Diametru: 70 mm.<\/p>\n","protected":false},"featured_media":30023,"template":"","meta":[],"_links":{"self":[{"href":"https:\/\/evotek.md\/ro\/wp-json\/wp\/v2\/product\/30025"}],"collection":[{"href":"https:\/\/evotek.md\/ro\/wp-json\/wp\/v2\/product"}],"about":[{"href":"https:\/\/evotek.md\/ro\/wp-json\/wp\/v2\/types\/product"}],"wp:featuredmedia":[{"embeddable":true,"href":"https:\/\/evotek.md\/ro\/wp-json\/wp\/v2\/media\/30023"}],"wp:attachment":[{"href":"https:\/\/evotek.md\/ro\/wp-json\/wp\/v2\/media?parent=30025"}],"curies":[{"name":"wp","href":"https:\/\/api.w.org\/{rel}","templated":true}]}}