{"id":30002,"date":"2022-04-01T14:26:02","date_gmt":"2022-04-01T14:26:02","guid":{"rendered":"https:\/\/evotek.md\/produse\/fara-categorie\/spumiera-160-mm-st-310161\/"},"modified":"2022-12-22T14:18:18","modified_gmt":"2022-12-22T14:18:18","slug":"spumiera-160-mm-st-310161","status":"publish","type":"product","link":"https:\/\/evotek.md\/ro\/produse\/accesorii-si-inventar-bucatarie\/inventar-pentru-servire-bucate\/spumiera-160-mm-st-310161\/","title":{"rendered":"SPUMIER\u0102 \u00d8160 mm -ST-310161"},"content":{"rendered":"<p><strong>SPUMIER\u0102 \u00d8160 mm -ST-310161-<\/strong>\u00a0spumier\u0103 sub forma unei linguri mari \u0219i plate, cu multe g\u0103uri mici pentru trecerea lichidului. Este utilizat \u00een principal pentru \u00eendep\u0103rtarea spumei \u0219i amestecare. Un lucru de ne\u00eenlocuit \u00een orice buc\u0103t\u0103rie, fie ea profesional\u0103 sau acas\u0103.<\/p>\n<p>Caracteristici<br \/>\nDiametru lingura: 160 mm<br \/>\nLungime: 470 mm<br \/>\nMaterial: otel inoxidabil<\/p>\n","protected":false},"excerpt":{"rendered":"<p>Spumier\u0103. Diametru lingura: 160 mm; Lungime: 470 mm; Material: otel inoxidabil.<\/p>\n","protected":false},"featured_media":30001,"template":"","meta":[],"_links":{"self":[{"href":"https:\/\/evotek.md\/ro\/wp-json\/wp\/v2\/product\/30002"}],"collection":[{"href":"https:\/\/evotek.md\/ro\/wp-json\/wp\/v2\/product"}],"about":[{"href":"https:\/\/evotek.md\/ro\/wp-json\/wp\/v2\/types\/product"}],"wp:featuredmedia":[{"embeddable":true,"href":"https:\/\/evotek.md\/ro\/wp-json\/wp\/v2\/media\/30001"}],"wp:attachment":[{"href":"https:\/\/evotek.md\/ro\/wp-json\/wp\/v2\/media?parent=30002"}],"curies":[{"name":"wp","href":"https:\/\/api.w.org\/{rel}","templated":true}]}}