{"id":3000,"date":"2020-02-25T13:10:11","date_gmt":"2020-02-25T13:10:11","guid":{"rendered":"https:\/\/evotek.md\/?post_type=product&#038;p=3000"},"modified":"2021-06-18T13:00:11","modified_gmt":"2021-06-18T13:00:11","slug":"cuptor-cu-abur-tecnoeka-ekf-411-d-al-ud","status":"publish","type":"product","link":"https:\/\/evotek.md\/ro\/produse\/echipamente-termice\/cuptoare-cu-abur-2-teplovoe-oborudovanie\/cuptor-cu-abur-tecnoeka-ekf-411-d-al-ud\/","title":{"rendered":"CUPTOR CU ABUR Tecnoeka, 4 NIVELE -EKF 411 D AL UD"},"content":{"rendered":"<p><strong>CUPTOR CU ABUR Tecnoeka, 4 NIVELE -EKF 411 D AL UD- <\/strong>Cuptorul este conceput pentru prepararea unei game largi de feluri de m\u00e2ncare: carne, pe\u0219te, fructe de mare, legume \u0219i produse coapte la unit\u0103\u021bile de alimenta\u021bie public\u0103 \u0219i \u00een atelierele de produc\u021bie, a c\u0103ror activitate este asociat\u0103 cu produc\u021bia de produse gastronomice. Dispozitivul permite preg\u0103tirea mai multor preparate simultan, f\u0103r\u0103 a le amesteca mirosurile \u0219i gusturile.<\/p>\n<p>Dispozitivul este echipat cu un panou de control digital \u00eembun\u0103t\u0103\u021bit, echipat cu un afi\u0219aj care reflect\u0103 parametrii de temperatur\u0103 \u0219i timp \u0219i 4 LED-uri care semnalizeaz\u0103 faza de g\u0103tit selectat\u0103. Cuptorul cu abur ofer\u0103 mai multe op\u021biuni pentru climatul camerei interioare: de la c\u0103ldur\u0103 \u201euscat\u0103\u201d p\u00e2n\u0103 la umiditate maxim\u0103 \u0219i invers. Iluminarea interioar\u0103 \u0219i un geam dublu rezistent la c\u0103ldur\u0103 \u00een u\u0219a batant\u0103 v\u0103 permit s\u0103 observa\u021bi procesul de g\u0103tit f\u0103r\u0103 a fi necesar s\u0103 deschide\u021bi u\u0219a.<\/p>\n<p>Facilit\u0103\u021bi: 99 de cicluri de g\u0103tit programabile; 2 ventilatoare reversibile; Cre\u0219terea izola\u021biei termice; R\u0103cire for\u021bat\u0103 pentru protejarea componentelor electrice; R\u0103cirea geamului u\u0219ii exterioare; Senzor pentru u\u0219\u0103 deschis\u0103; F\u0103r\u0103 g\u0103uri pe pere\u021bii cuptorului; Balamale \u0219i suporturi pentru u\u0219i noi pentru o cur\u0103\u021bare u\u0219oar\u0103; Toate piesele sunt din inox AISI 304; Nivel de protec\u021bie: IPX3.<\/p>\n<p><strong>*Pentru a beneficia de garan\u021bie este obligatoriu de a fi instalat filtru DVA pentru acest echipament.<\/strong><\/p>\n<p>Caracteristici<\/p>\n<p>Conexiune: 380 V<\/p>\n<p>Num\u0103r de nivele: 4<\/p>\n<p>Distan\u021ba dintre niveluri: 73 mm<\/p>\n<p>Tip de recipiente pentru gastronomi: GN 1\/1<\/p>\n<p>Dimensiunea recipientului Gastronorm (extern \/ intern): 530&#215;325 \/ 500&#215;300 mm<\/p>\n<p>Panou de control: electronic<\/p>\n<p>Metoda de generare a aburului: injector<\/p>\n<p>Stare de temperatur\u0103: de la 50 p\u00e2n\u0103 la 270 \u00b0 \u0421<\/p>\n<p>Putere: 6,4 kW<\/p>\n<p>Parametri: 790x785x635 mm<\/p>\n<p>Greutate: 54 kg<\/p>\n<p>\u021aara de origine: Italia<\/p>\n<p>&nbsp;<\/p>\n","protected":false},"excerpt":{"rendered":"<p>Cuptor cu abur cu 4 nivele. Conexiune: 380 V; Num\u0103r de niveluri: 4; Distan\u021ba dintre niveluri: 73 mm; Tip de recipiente pentru gastronomi: GN 1\/1; Dimensiunea recipientului Gastronorm (extern \/ intern): 530&#215;325 \/ 500&#215;300 mm; Panou de control: electronic; Metoda de generare a aburului: injector; Stare de temperatur\u0103: de la 50 p\u00e2n\u0103 la 270 \u00b0 \u0421; Putere: 6,4 kW; Parametri: 790x785x635 mm; Greutate: 54 kg; \u021aara de origine: Italia.<\/p>\n<p><strong>*T\u0103vile GN \u0219i t\u0103vile pentru patiserie nu sunt incluse \u00een set.<\/strong><br \/>\n<strong>*Recomand\u0103m instalarea adi\u021bional\u0103 a unui filtru DVA pentru o bun\u0103 func\u021bionare a cuptorului.<\/strong><\/p>\n","protected":false},"featured_media":2999,"template":"","meta":[],"_links":{"self":[{"href":"https:\/\/evotek.md\/ro\/wp-json\/wp\/v2\/product\/3000"}],"collection":[{"href":"https:\/\/evotek.md\/ro\/wp-json\/wp\/v2\/product"}],"about":[{"href":"https:\/\/evotek.md\/ro\/wp-json\/wp\/v2\/types\/product"}],"wp:featuredmedia":[{"embeddable":true,"href":"https:\/\/evotek.md\/ro\/wp-json\/wp\/v2\/media\/2999"}],"wp:attachment":[{"href":"https:\/\/evotek.md\/ro\/wp-json\/wp\/v2\/media?parent=3000"}],"curies":[{"name":"wp","href":"https:\/\/api.w.org\/{rel}","templated":true}]}}