{"id":29997,"date":"2022-04-01T14:12:20","date_gmt":"2022-04-01T14:12:20","guid":{"rendered":"https:\/\/evotek.md\/produse\/fara-categorie\/zdrobitor-din-inox-pentru-cartofi-300-mm-st-314300\/"},"modified":"2022-09-16T14:56:45","modified_gmt":"2022-09-16T14:56:45","slug":"zdrobitor-din-inox-pentru-cartofi-300-mm-st-314300","status":"publish","type":"product","link":"https:\/\/evotek.md\/ro\/produse\/accesorii-si-inventar-bucatarie\/inventar-pentru-servire-bucate\/zdrobitor-din-inox-pentru-cartofi-300-mm-st-314300\/","title":{"rendered":"ZDROBITOR DIN INOX PENTRU CARTOFI 300 mm -ST-314300"},"content":{"rendered":"<p><strong>ZDROBITOR DIN INOX PENTRU CARTOFI 300 mm -ST-314300-<\/strong> Zdrobitor de cartofi este o ustensil\u0103 profesional\u0103 de buc\u0103t\u0103rie de calitate european\u0103 pentru hotele, restaurante, cafenele \u0219i baruri.<\/p>\n<p>Caracteristici<\/p>\n<p>Diametru: 120 mm<br \/>\nLungime: 300 mm<br \/>\nMaterial: o\u021bel inoxidabil<\/p>\n","protected":false},"excerpt":{"rendered":"<p>Zdrobitor din inox pentru cartofi. Diametru: 120 mm; Lungime: 300 mm.<\/p>\n","protected":false},"featured_media":29996,"template":"","meta":[],"_links":{"self":[{"href":"https:\/\/evotek.md\/ro\/wp-json\/wp\/v2\/product\/29997"}],"collection":[{"href":"https:\/\/evotek.md\/ro\/wp-json\/wp\/v2\/product"}],"about":[{"href":"https:\/\/evotek.md\/ro\/wp-json\/wp\/v2\/types\/product"}],"wp:featuredmedia":[{"embeddable":true,"href":"https:\/\/evotek.md\/ro\/wp-json\/wp\/v2\/media\/29996"}],"wp:attachment":[{"href":"https:\/\/evotek.md\/ro\/wp-json\/wp\/v2\/media?parent=29997"}],"curies":[{"name":"wp","href":"https:\/\/api.w.org\/{rel}","templated":true}]}}