{"id":29988,"date":"2022-04-01T13:28:47","date_gmt":"2022-04-01T13:28:47","guid":{"rendered":"https:\/\/evotek.md\/produse\/fara-categorie\/lingura-de-servire-328-cm-st-321030\/"},"modified":"2022-04-01T13:28:47","modified_gmt":"2022-04-01T13:28:47","slug":"lingura-de-servire-328-cm-st-321030","status":"publish","type":"product","link":"https:\/\/evotek.md\/ro\/produse\/accesorii-si-inventar-bucatarie\/inventar-pentru-servire-bucate\/lingura-de-servire-328-cm-st-321030\/","title":{"rendered":"LINGUR\u0102 DE SERVIRE 32,8 cm -ST-321030"},"content":{"rendered":"<p><strong>LINGUR\u0102 DE SERVIRE 32,8 cm -ST-321030-<\/strong> Lingura de servire este realizat\u0103 din o\u021bel inoxidabil, ceea ce garanteaz\u0103 rezisten\u021ba la diferite tipuri de deterior\u0103ri mecanice, precum \u0219lefuiri, zg\u00e2rieturi \u0219i a\u0219chii. \u00cen plus, acest material este u\u0219or de p\u0103strat curat, ceea ce \u00eel face sigur pentru contactul cu alimentele, \u00eendeplinind astfel toate cerin\u021bele Supravegherii Sanitare \u0219i Epidemiologice. M\u00e2nerul rotund ergonomic faciliteaz\u0103 manevrarea unealta, iar m\u00e2nerul de la cap\u0103tul m\u00e2nerului faciliteaz\u0103 ag\u0103\u021barea \u0219i depozitarea lingurii.<\/p>\n<p>Caracteristici<br \/>\nMaterial lingura: otel inoxidabil<br \/>\nLungime: 32,8 cm<br \/>\nPoate fi sp\u0103lat\u0103 \u00een ma\u0219ina de sp\u0103lat vase<\/p>\n","protected":false},"excerpt":{"rendered":"<p>Lingur\u0103 de servire. Material lingura: otel inoxidabil; Lungime: 32,8 cm; Poate fi sp\u0103lat\u0103 \u00een ma\u0219ina de sp\u0103lat vase.<\/p>\n","protected":false},"featured_media":29987,"template":"","meta":[],"_links":{"self":[{"href":"https:\/\/evotek.md\/ro\/wp-json\/wp\/v2\/product\/29988"}],"collection":[{"href":"https:\/\/evotek.md\/ro\/wp-json\/wp\/v2\/product"}],"about":[{"href":"https:\/\/evotek.md\/ro\/wp-json\/wp\/v2\/types\/product"}],"wp:featuredmedia":[{"embeddable":true,"href":"https:\/\/evotek.md\/ro\/wp-json\/wp\/v2\/media\/29987"}],"wp:attachment":[{"href":"https:\/\/evotek.md\/ro\/wp-json\/wp\/v2\/media?parent=29988"}],"curies":[{"name":"wp","href":"https:\/\/api.w.org\/{rel}","templated":true}]}}