{"id":29982,"date":"2022-04-01T13:03:23","date_gmt":"2022-04-01T13:03:23","guid":{"rendered":"https:\/\/evotek.md\/produse\/fara-categorie\/spumiera-415-mm-st-324161\/"},"modified":"2022-04-01T13:10:07","modified_gmt":"2022-04-01T13:10:07","slug":"spumiera-415-mm-st-324161","status":"publish","type":"product","link":"https:\/\/evotek.md\/ro\/produse\/accesorii-si-inventar-bucatarie\/inventar-pentru-servire-bucate\/spumiera-415-mm-st-324161\/","title":{"rendered":"SPUMIER\u0102 160 mm ST-324161"},"content":{"rendered":"<p><strong>SPUMIER\u0102 160 mm ST-324161-<\/strong> Spumiera este o ustensila de bucatarie sub forma unei linguri mari plate cu multe orificii mici in cupa pentru trecerea lichidului. Este folosit pentru \u00eendep\u0103rtarea spumei, amestecarea \u00een timpul g\u0103tirii, \u00eendep\u0103rtarea unor bucate. Un lucru indispensabil \u00een orice buc\u0103t\u0103rie: fie profesional\u0103 sau acas\u0103.<\/p>\n<p>Caracteristici<br \/>\nDiametru: 160 mm<br \/>\nLungime: 415 mm<br \/>\nMaterial: otel inoxidabil<\/p>\n","protected":false},"excerpt":{"rendered":"<p>Spumiera. Diametru: 160 mm; Lungime: 415 mm; Material: otel inoxidabil.<\/p>\n","protected":false},"featured_media":29981,"template":"","meta":[],"_links":{"self":[{"href":"https:\/\/evotek.md\/ro\/wp-json\/wp\/v2\/product\/29982"}],"collection":[{"href":"https:\/\/evotek.md\/ro\/wp-json\/wp\/v2\/product"}],"about":[{"href":"https:\/\/evotek.md\/ro\/wp-json\/wp\/v2\/types\/product"}],"wp:featuredmedia":[{"embeddable":true,"href":"https:\/\/evotek.md\/ro\/wp-json\/wp\/v2\/media\/29981"}],"wp:attachment":[{"href":"https:\/\/evotek.md\/ro\/wp-json\/wp\/v2\/media?parent=29982"}],"curies":[{"name":"wp","href":"https:\/\/api.w.org\/{rel}","templated":true}]}}