{"id":29974,"date":"2022-04-01T12:15:09","date_gmt":"2022-04-01T12:15:09","guid":{"rendered":"https:\/\/evotek.md\/produse\/fara-categorie\/29974\/"},"modified":"2022-05-27T10:01:29","modified_gmt":"2022-05-27T10:01:29","slug":"11xgn1-1-b1011i","status":"publish","type":"product","link":"https:\/\/evotek.md\/ro\/produse\/echipamente-termice\/cuptoare-cu-abur-2-teplovoe-oborudovanie\/11xgn1-1-b1011i\/","title":{"rendered":"CENTRUL CULINAR RETIGO VISION -BLACK EDITION- 11xGN1\/1 -B1011I"},"content":{"rendered":"<div><strong>CENTRUL CULINAR RETIGO VISION -BLACK EDITION- 11xGN1\/1 -B1011I-<\/strong> este conceput pentru pr\u0103jirea, aburirea, albirea, coacerea \u0219i alte tipuri de prelucrare termic\u0103 al produselor din fabricile de buc\u0103t\u0103rie, unit\u0103\u021bile de catering \u0219i comer\u021b. Echipamentul \u00eenlocuie\u0219te simultan mai multe tipuri de aparate: un aragaz, un cuptor cu convec\u021bie, o tigaie basculabil\u0103, o suprafa\u021b\u0103 de g\u0103tit \u0219i o friteuz\u0103. Alimentele g\u0103tite \u00eentr-un cuptor cu abur p\u0103streaz\u0103 to\u021bi nutrien\u021bii. Modelul este echipat cu un panou de control tactil.<\/div>\n<div><\/div>\n<div><strong>Setul include:<\/strong><\/div>\n<div>&#8211; Du\u0219 de m\u00e2n\u0103<\/div>\n<div>&#8211; Supapa de abur<\/div>\n<div>&#8211; Sonda de temperatura in 6 puncte<\/div>\n<div><\/div>\n<div><strong>Moduri de operare:<\/strong><\/div>\n<div>&#8211; Convec\u021bie: 30-300 \u00b0C<\/div>\n<div>&#8211; Mod combinat: 30-300 \u00b0C<\/div>\n<div>&#8211; Abur: 30-130\u00b0C<\/div>\n<div>&#8211; Preparare bio: 30-98 \u00b0C<\/div>\n<div>&#8211; Mod de pr\u0103jire\/g\u0103tire de noapte<\/div>\n<div>&#8211; Sistem de regenerare \/ banchet &#8211; oferind mai multe portii intr-un timp scurt<\/div>\n<div>&#8211; Delta T &#8211; precizie la gatirea bucatilor mari<\/div>\n<div>&#8211; G\u0103tit\/coace la temperatur\u0103 sc\u0103zut\u0103 &#8211; pierdere redus\u0103 \u00een greutate \u0219i gust \u00eembun\u0103t\u0103\u021bit<\/div>\n<div>&#8211; Cook &amp; Hold &#8211; g\u0103tit \u0219i economisire<\/div>\n<div>&#8211; Golden Touch &#8211; controlul sf\u00e2r\u0219itului de g\u0103tit pentru a ob\u021bine cea mai bun\u0103 structur\u0103<\/div>\n<div>&#8211; Gatit in vid, uscare, sterilizare, confit, fumat<\/div>\n<div><\/div>\n<div><strong>Sistem inovator de abur:<\/strong><\/div>\n<div>&#8211; Cazan avansat \u0219i sistem de injec\u021bie direct\u0103 &#8211; generare rapid\u0103 \u0219i economic\u0103 de abur<\/div>\n<div>&#8211; \u00cenc\u0103lzire\/r\u0103cire automat\u0103 &#8211; compensarea schimb\u0103rilor de temperatur\u0103 asociate cu deschiderea dispozitivului<\/div>\n<div>&#8211; Turbo steam &#8211; alimentare rapid\u0103 cu abur<\/div>\n<div>&#8211; Autoclima &#8211; controlul satura\u021biei aburului<\/div>\n<div><\/div>\n<div><strong>Investi\u021bii inteligente:<\/strong><\/div>\n<div>&#8211; Sistem activ de curatare &#8211; curatare automata cu consum minim de apa<\/div>\n<div>&#8211; Sistem EcoLogic &#8211; recuperare si economii semnificative de energie<\/div>\n<div>&#8211; Water Saving System (WSS) &#8211; minimizarea consumului de ap\u0103<\/div>\n<div>&#8211; Active Humidity Control (AHC) &#8211; control automat al umidit\u0103\u021bii &#8211; un angajament de rezultate excelente<\/div>\n<div><\/div>\n<div><strong>Particularit\u0103\u021bi:<\/strong><\/div>\n<div>&#8211; M\u00e2ner robust cu dou\u0103 fe\u021be &#8211; pentru deschiderea confortabil\u0103 a dispozitivului prin rotirea m\u00e2nerului \u00een orice direc\u021bie<\/div>\n<div>&#8211; Ventilator cu auto-reverse &#8211; uniformitate de coacere<\/div>\n<div>&#8211; 7 viteze ale ventilatorului<\/div>\n<div>&#8211; Supap\u0103 &#8211; uscare rapid\u0103 a camerei de g\u0103tit pentru a \u00eembun\u0103t\u0103\u021bi crocantitatea \u0219i culoarea frumoas\u0103, sistem patentat de uscare a aerului<\/div>\n<div>&#8211; Oprire ventilator &#8211; previne pierderea de c\u0103ldur\u0103 \u0219i abur de la cuptorul cu abur mixt atunci c\u00e2nd u\u0219a este deschis\u0103<\/div>\n<div>&#8211; Camera de gatit igienica cu colturi rotunjite<\/div>\n<div>&#8211; corp din otel inoxidabil AISI 304<\/div>\n<div>&#8211; Iluminare impecabila a spatiului cu lampi cu halogen<\/div>\n<div>&#8211; Rezervor usa pentru colectarea condensului<\/div>\n<div>&#8211; Garnitura usii detasabila<\/div>\n<div><\/div>\n<div><strong>Vision Touch Control:<\/strong><\/div>\n<div>&#8211; G\u0103tit u\u0219or &#8211; g\u0103tit f\u0103r\u0103 margini<\/div>\n<div>&#8211; Programare &#8211; posibilitatea de a crea 1000 de programe cu 20 de pasi<\/div>\n<div>&#8211; Pictograme &#8211; posibilitatea de pictograme pentru programe<\/div>\n<div>&#8211; Afi\u0219are automat\u0103 a ultimelor 10 procese de g\u0103tit<\/div>\n<div><\/div>\n<div><strong>Control:<\/strong><\/div>\n<div>&#8211; Panou de control neted &#8211; f\u0103r\u0103 elemente mecanice, butoane \u0219i \u00eentrerup\u0103toare<\/div>\n<div>&#8211; MyVision &#8211; adaptare, tot ce ave\u021bi nevoie \u00een meniul principal<\/div>\n<div>&#8211; Pornire automat\u0103<\/div>\n<div>&#8211; Func\u021bia de \u00eenv\u0103\u021bare &#8211; \u00eenv\u0103\u021bare<\/div>\n<div>&#8211; QuickView &#8211; vizualizare rapid\u0103 a programelor<\/div>\n<div>&#8211; Multitasking &#8211; o oportunitate unic\u0103 de a lucra cu afi\u0219ajul \u00een timpul g\u0103titului<\/div>\n<div><\/div>\n<div><strong>Serviciu:<\/strong><\/div>\n<div>&#8211; Reglement\u0103ri HACCP &#8211; analiz\u0103 rapid\u0103 \u0219i u\u0219oar\u0103 a momentelor critice de preparare<\/div>\n<div>&#8211; Service and Diagnostic System (SDS) &#8211; analiza automat\u0103 a erorilor de diagnosticare<\/div>\n<div>&#8211; VisionCombi &#8211; administrarea programelor \u0219i pictogramelor pe computer, vizualizarea datelor HACCP<\/div>\n<div><\/div>\n<div><strong>Unificarea conexiunii:<\/strong><\/div>\n<div>&#8211; Interfa\u021b\u0103 USB &#8211; transfer u\u0219or de date c\u0103tre \u0219i de la cuptorul cu aburi combinat<\/div>\n<div>&#8211; LAN &#8211; capacitatea de a se conecta la o re\u021bea, comunicare prin Internet<\/div>\n<div><\/div>\n<div><strong>Caracteristici:<\/strong><\/div>\n<div>Conexiune: 380 V<\/div>\n<div>Numar de niveluri: 11<\/div>\n<div>Metoda de formare: injector de abur<\/div>\n<div>Distan\u021ba dintre nivele: 65 mm<\/div>\n<div>Tip container Gastronorm: GN 1\/1<\/div>\n<div>Dimensiunea recipientului Gastronorm (extern\/intern): 530&#215;325 \/ 500&#215;300 mm<\/div>\n<div>Panou de control: electronic<\/div>\n<div>Interval de temperatur\u0103: de la 30 la 300 \u00b0 C<\/div>\n<div>Putere: 18,6 kW<\/div>\n<div>Latime: 1046 mm<\/div>\n<div>Ad\u00e2ncime: 821 mm<\/div>\n<div>Inaltime: 933 mm<\/div>\n<div>Greutate (fara ambalaj): 138 kg<\/div>\n<div>Greutate (cu ambalaj): 152 kg<\/div>\n<div>Productivitate: 151-2150 portii pe zi<\/div>\n<div>Capacitate incalzire: 18 kW<\/div>\n<div>Nivel maxim de zgomot: 70 dBA<\/div>\n<div>Protectie cu siguranta: 32 A<\/div>\n<div>Intrare\/ie\u0219ire ap\u0103: G 3\/4&#8243; \/ 50 mm<\/div>\n<div>Dimensiuni ambalare: 1083x1028x1200 mm<\/div>\n","protected":false},"excerpt":{"rendered":"<div>Centrul culinar RETIGO \u2013 BLACK EDITION 11xGN1\/1.\u00a0Conexiune: 380 V; Numar de niveluri: 11; Metoda de formare: injector de abur; Distan\u021ba dintre nivele: 65 mm; Tip container; Gastronorm: GN 1\/1; Dimensiunea recipientului Gastronorm (extern\/intern): 530&#215;325 \/ 500&#215;300 mm; Panou de control: electronic; Interval de temperatur\u0103: de la 30 la 300 \u00b0 C; Putere: 18,6 kW; Latime: 1046 mm; Ad\u00e2ncime: 821 mm; Inaltime: 933 mm; Greutate (fara ambalaj): 138 kg; Greutate (cu ambalaj): 152 kg; Productivitate: 151-2150 portii pe zi; Capacitate incalzire: 18 kW; Nivel maxim de zgomot: 70 dBA; Protectie cu siguranta: 32 A; Intrare\/ie\u0219ire ap\u0103: G 3\/4&#8243; \/ 50 mm; Dimensiuni ambalare: 1083x1028x1200 mm.<\/div>\n","protected":false},"featured_media":29970,"template":"","meta":[],"_links":{"self":[{"href":"https:\/\/evotek.md\/ro\/wp-json\/wp\/v2\/product\/29974"}],"collection":[{"href":"https:\/\/evotek.md\/ro\/wp-json\/wp\/v2\/product"}],"about":[{"href":"https:\/\/evotek.md\/ro\/wp-json\/wp\/v2\/types\/product"}],"wp:featuredmedia":[{"embeddable":true,"href":"https:\/\/evotek.md\/ro\/wp-json\/wp\/v2\/media\/29970"}],"wp:attachment":[{"href":"https:\/\/evotek.md\/ro\/wp-json\/wp\/v2\/media?parent=29974"}],"curies":[{"name":"wp","href":"https:\/\/api.w.org\/{rel}","templated":true}]}}